{"id":12643,"date":"2024-06-13T07:29:35","date_gmt":"2024-06-13T07:29:35","guid":{"rendered":"https:\/\/dev.tls-geothermics.com\/projets-dans-les-caraibes\/coeur-martinique-lamentin\/"},"modified":"2024-10-23T07:42:43","modified_gmt":"2024-10-23T07:42:43","slug":"coeur-martinique-lamentin","status":"publish","type":"page","link":"https:\/\/www.tls-geothermics.com\/fr\/projets-dans-les-caraibes\/coeur-martinique-lamentin\/","title":{"rendered":"C\u0153ur Martinique Lamentin"},"content":{"rendered":"\t\t<div data-elementor-type=\"wp-page\" data-elementor-id=\"12643\" class=\"elementor elementor-12643 elementor-9268\" data-elementor-post-type=\"page\">\n\t\t\t\t\t\t<section class=\"elementor-section elementor-top-section elementor-element elementor-element-4e33e37 elementor-section-full_width elementor-section-height-min-height elementor-section-height-default elementor-section-items-middle qodef-elementor-content-no\" data-id=\"4e33e37\" data-element_type=\"section\" data-settings=\"{&quot;background_background&quot;:&quot;slideshow&quot;,&quot;background_slideshow_gallery&quot;:[{&quot;id&quot;:9625,&quot;url&quot;:&quot;https:\\\/\\\/www.tls-geothermics.com\\\/wp-content\\\/uploads\\\/2024\\\/06\\\/Fort-de-France-Bay.jpg&quot;}],&quot;background_slideshow_loop&quot;:&quot;yes&quot;,&quot;background_slideshow_slide_duration&quot;:5000,&quot;background_slideshow_slide_transition&quot;:&quot;fade&quot;,&quot;background_slideshow_transition_duration&quot;:500}\">\n\t\t\t\t\t\t\t<div class=\"elementor-background-overlay\"><\/div>\n\t\t\t\t\t\t\t<div class=\"elementor-container elementor-column-gap-default\">\n\t\t\t\t\t<div class=\"elementor-column elementor-col-100 elementor-top-column elementor-element elementor-element-b145051\" data-id=\"b145051\" data-element_type=\"column\">\n\t\t\t<div class=\"elementor-widget-wrap elementor-element-populated\">\n\t\t\t\t\t\t<div class=\"elementor-element elementor-element-c99672d elementor-widget elementor-widget-manufaktursolutions_core_custom_font\" data-id=\"c99672d\" data-element_type=\"widget\" data-widget_type=\"manufaktursolutions_core_custom_font.default\">\n\t\t\t\t<div class=\"elementor-widget-container\">\n\t\t\t<h1 class=\"qodef-shortcode qodef-m  qodef-custom-font qodef-custom-font-834 qodef-layout--simple\" style=\"color: #FFFFFF;font-size: 90px;letter-spacing: -0.01em\">C\u0153ur Martinique <br>Lamentin<\/h1>\n\t\t<\/div>\n\t\t\t\t<\/div>\n\t\t\t\t<div class=\"elementor-element elementor-element-e975398 elementor-widget__width-auto elementor-widget elementor-widget-manufaktursolutions_core_section_title\" data-id=\"e975398\" data-element_type=\"widget\" data-widget_type=\"manufaktursolutions_core_section_title.default\">\n\t\t\t\t<div class=\"elementor-widget-container\">\n\t\t\t<div class=\"qodef-shortcode qodef-m  qodef-section-title qodef-alignment--left   \">\n\t\t\t\t<p class=\"qodef-m-subtitle\" style=\"color: #FFFFFF\">Martinique<\/p>\n\t<\/div>\n\t\t<\/div>\n\t\t\t\t<\/div>\n\t\t\t\t\t<\/div>\n\t\t<\/div>\n\t\t\t\t\t<\/div>\n\t\t<\/section>\n\t\t\t\t<section class=\"elementor-section elementor-top-section elementor-element elementor-element-3107a6b elementor-section-full_width qodef-elementor-content-grid elementor-section-height-default elementor-section-height-default\" data-id=\"3107a6b\" data-element_type=\"section\" data-settings=\"{&quot;background_background&quot;:&quot;classic&quot;}\">\n\t\t\t\t\t\t<div class=\"elementor-container elementor-column-gap-default\">\n\t\t\t\t\t<div class=\"elementor-column elementor-col-50 elementor-top-column elementor-element elementor-element-17bbd31 qodef-dark-bullet\" data-id=\"17bbd31\" data-element_type=\"column\">\n\t\t\t<div class=\"elementor-widget-wrap elementor-element-populated\">\n\t\t\t\t\t\t<div class=\"elementor-element elementor-element-6338ac0 elementor-widget elementor-widget-manufaktursolutions_core_section_title\" data-id=\"6338ac0\" data-element_type=\"widget\" data-widget_type=\"manufaktursolutions_core_section_title.default\">\n\t\t\t\t<div class=\"elementor-widget-container\">\n\t\t\t<div class=\"qodef-shortcode qodef-m  qodef-section-title qodef-alignment--left qodef-title-break--disabled  \">\n\t\t<p class=\"qodef-m-highlight-text\" >COEUR MARTINIQUE LAMENTIN<\/p>\n\t\t<h3 class=\"qodef-m-title\" style=\"color: #FFFFFF\">\n\t\t\t\t\tDescription du site<br \/>\t\t\t<\/h3>\n\t\t<\/div>\n\t\t<\/div>\n\t\t\t\t<\/div>\n\t\t\t\t<div class=\"elementor-element elementor-element-dbca48b elementor-widget elementor-widget-text-editor\" data-id=\"dbca48b\" data-element_type=\"widget\" data-widget_type=\"text-editor.default\">\n\t\t\t\t<div class=\"elementor-widget-container\">\n\t\t\t<style>\/*! elementor - v3.23.0 - 05-08-2024 *\/\n.elementor-widget-text-editor.elementor-drop-cap-view-stacked .elementor-drop-cap{background-color:#69727d;color:#fff}.elementor-widget-text-editor.elementor-drop-cap-view-framed .elementor-drop-cap{color:#69727d;border:3px solid;background-color:transparent}.elementor-widget-text-editor:not(.elementor-drop-cap-view-default) .elementor-drop-cap{margin-top:8px}.elementor-widget-text-editor:not(.elementor-drop-cap-view-default) .elementor-drop-cap-letter{width:1em;height:1em}.elementor-widget-text-editor .elementor-drop-cap{float:left;text-align:center;line-height:1;font-size:50px}.elementor-widget-text-editor .elementor-drop-cap-letter{display:inline-block}<\/style>\t\t\t\t<ul>\n<li class=\"cvGsUA direction-ltr align-start para-style-body\">R\u00e9seau de froid \u00e0 partir de l&rsquo;\u00e9nergie primaire g\u00e9othermique<\/li>\n<li class=\"cvGsUA direction-ltr align-start para-style-body\">Taille du permis : 133 km\u00b2<\/li>\n<li class=\"cvGsUA direction-ltr align-start para-style-body\">Profondeur du r\u00e9servoir : 1000 m<\/li>\n<li class=\"cvGsUA direction-ltr align-start para-style-body\"><span class=\"OYPEnA text-decoration-none text-strikethrough-none\">Temp\u00e9rature attendue : 125\u00b0C<\/span> <\/li>\n<li class=\"cvGsUA direction-ltr align-start para-style-body\">D\u00e9bit attendu : \u2265 180 m<sup>3<\/sup>\/heure par puits de production<\/li>\n<li class=\"cvGsUA direction-ltr align-start para-style-body\">Capacit\u00e9 thermique : &gt;5 MWth \/ 5 MWfroid<\/li>\n<li class=\"cvGsUA direction-ltr align-start para-style-body\">COD : 2030<\/li>\n<\/ul>\n\t\t\t\t\t\t<\/div>\n\t\t\t\t<\/div>\n\t\t\t\t<div class=\"elementor-element elementor-element-8f5048e elementor-widget elementor-widget-text-editor\" data-id=\"8f5048e\" data-element_type=\"widget\" data-widget_type=\"text-editor.default\">\n\t\t\t\t<div class=\"elementor-widget-container\">\n\t\t\t\t\t\t\t<p>Le projet C\u0153ur Martinique Lamentin, situ\u00e9 sur l&rsquo;\u00eele de la Martinique, a \u00e9t\u00e9 attribu\u00e9 \u00e0 TLS en 2023 par le biais du permis d&rsquo;exploration g\u00e9othermique C\u0153ur Martinique. Ce projet se concentre sur la partie sud du permis afin d&rsquo;explorer le potentiel g\u00e9othermique pour la production de chaleur et d&rsquo;eau froide. <\/p>\n<p>TLS a commenc\u00e9 l&rsquo;exploration g\u00e9ologique au d\u00e9but de 2024 et effectuera les \u00e9tudes g\u00e9ophysiques et g\u00e9ochimiques en 2025. Le potentiel g\u00e9othermique sera \u00e9valu\u00e9 par les g\u00e9oscientifiques de TLS avant de d\u00e9finir les cibles de forage.<\/p>\n\t\t\t\t\t\t<\/div>\n\t\t\t\t<\/div>\n\t\t\t\t<div class=\"elementor-element elementor-element-3bc3fa5 elementor-widget elementor-widget-google_maps\" data-id=\"3bc3fa5\" data-element_type=\"widget\" data-widget_type=\"google_maps.default\">\n\t\t\t\t<div class=\"elementor-widget-container\">\n\t\t\t<style>\/*! elementor - v3.23.0 - 05-08-2024 *\/\n.elementor-widget-google_maps .elementor-widget-container{overflow:hidden}.elementor-widget-google_maps .elementor-custom-embed{line-height:0}.elementor-widget-google_maps iframe{height:300px}<\/style>\t\t<div class=\"elementor-custom-embed\">\n\t\t\t<iframe loading=\"lazy\"\n\t\t\t\t\tsrc=\"https:\/\/maps.google.com\/maps?q=Le%20Lamentin&#038;t=m&#038;z=12&#038;output=embed&#038;iwloc=near\"\n\t\t\t\t\ttitle=\"Le Lamentin\"\n\t\t\t\t\taria-label=\"Le Lamentin\"\n\t\t\t><\/iframe>\n\t\t<\/div>\n\t\t\t\t<\/div>\n\t\t\t\t<\/div>\n\t\t\t\t\t<\/div>\n\t\t<\/div>\n\t\t\t\t<div class=\"elementor-column elementor-col-50 elementor-top-column elementor-element elementor-element-3ba9ac6\" data-id=\"3ba9ac6\" data-element_type=\"column\">\n\t\t\t<div class=\"elementor-widget-wrap elementor-element-populated\">\n\t\t\t\t\t\t<div class=\"elementor-element elementor-element-46ff62e elementor-widget__width-initial elementor-widget elementor-widget-image\" data-id=\"46ff62e\" data-element_type=\"widget\" data-widget_type=\"image.default\">\n\t\t\t\t<div class=\"elementor-widget-container\">\n\t\t\t<style>\/*! elementor - v3.23.0 - 05-08-2024 *\/\n.elementor-widget-image{text-align:center}.elementor-widget-image a{display:inline-block}.elementor-widget-image a img[src$=\".svg\"]{width:48px}.elementor-widget-image img{vertical-align:middle;display:inline-block}<\/style>\t\t\t\t\t\t\t\t\t\t<img fetchpriority=\"high\" decoding=\"async\" width=\"992\" height=\"1024\" src=\"https:\/\/www.tls-geothermics.com\/wp-content\/uploads\/2024\/10\/CarteCM100kWeb-992x1024.jpg\" class=\"attachment-large size-large wp-image-13512\" alt=\"\" srcset=\"https:\/\/www.tls-geothermics.com\/wp-content\/uploads\/2024\/10\/CarteCM100kWeb-992x1024.jpg 992w, https:\/\/www.tls-geothermics.com\/wp-content\/uploads\/2024\/10\/CarteCM100kWeb-291x300.jpg 291w, https:\/\/www.tls-geothermics.com\/wp-content\/uploads\/2024\/10\/CarteCM100kWeb-768x793.jpg 768w, https:\/\/www.tls-geothermics.com\/wp-content\/uploads\/2024\/10\/CarteCM100kWeb-1488x1536.jpg 1488w, https:\/\/www.tls-geothermics.com\/wp-content\/uploads\/2024\/10\/CarteCM100kWeb-1983x2048.jpg 1983w\" sizes=\"(max-width: 992px) 100vw, 992px\" \/>\t\t\t\t\t\t\t\t\t\t\t\t\t<\/div>\n\t\t\t\t<\/div>\n\t\t\t\t\t<\/div>\n\t\t<\/div>\n\t\t\t\t\t<\/div>\n\t\t<\/section>\n\t\t<div class=\"elementor-element elementor-element-72ef8b8 e-flex e-con-boxed e-con e-parent\" data-id=\"72ef8b8\" data-element_type=\"container\">\n\t\t\t\t\t<div class=\"e-con-inner\">\n\t\t\t\t<div class=\"elementor-element elementor-element-c679d84 elementor--h-position-center elementor--v-position-middle elementor-arrows-position-inside elementor-pagination-position-inside elementor-widget elementor-widget-slides\" data-id=\"c679d84\" data-element_type=\"widget\" data-settings=\"{&quot;navigation&quot;:&quot;both&quot;,&quot;autoplay&quot;:&quot;yes&quot;,&quot;pause_on_hover&quot;:&quot;yes&quot;,&quot;pause_on_interaction&quot;:&quot;yes&quot;,&quot;autoplay_speed&quot;:5000,&quot;infinite&quot;:&quot;yes&quot;,&quot;transition&quot;:&quot;slide&quot;,&quot;transition_speed&quot;:500}\" data-widget_type=\"slides.default\">\n\t\t\t\t<div class=\"elementor-widget-container\">\n\t\t\t<style>\/*! elementor-pro - v3.21.0 - 20-05-2024 *\/\n.elementor-slides .swiper-slide-bg{background-size:cover;background-position:50%;background-repeat:no-repeat;min-width:100%;min-height:100%}.elementor-slides .swiper-slide-inner{background-repeat:no-repeat;background-position:50%;position:absolute;top:0;left:0;bottom:0;right:0;padding:50px;margin:auto}.elementor-slides .swiper-slide-inner,.elementor-slides .swiper-slide-inner:hover{color:#fff;display:flex}.elementor-slides .swiper-slide-inner .elementor-background-overlay{position:absolute;z-index:0;top:0;bottom:0;left:0;right:0}.elementor-slides .swiper-slide-inner .elementor-slide-content{position:relative;z-index:1;width:100%}.elementor-slides .swiper-slide-inner .elementor-slide-heading{font-size:35px;font-weight:700;line-height:1}.elementor-slides .swiper-slide-inner .elementor-slide-description{font-size:17px;line-height:1.4}.elementor-slides .swiper-slide-inner .elementor-slide-description:not(:last-child),.elementor-slides .swiper-slide-inner .elementor-slide-heading:not(:last-child){margin-bottom:30px}.elementor-slides .swiper-slide-inner .elementor-slide-button{border:2px solid #fff;color:#fff;background:transparent;display:inline-block}.elementor-slides .swiper-slide-inner .elementor-slide-button,.elementor-slides .swiper-slide-inner .elementor-slide-button:hover{background:transparent;color:inherit;text-decoration:none}.elementor--v-position-top .swiper-slide-inner{align-items:flex-start}.elementor--v-position-bottom .swiper-slide-inner{align-items:flex-end}.elementor--v-position-middle .swiper-slide-inner{align-items:center}.elementor--h-position-left .swiper-slide-inner{justify-content:flex-start}.elementor--h-position-right .swiper-slide-inner{justify-content:flex-end}.elementor--h-position-center .swiper-slide-inner{justify-content:center}body.rtl .elementor-widget-slides .elementor-swiper-button-next{left:10px;right:auto}body.rtl .elementor-widget-slides .elementor-swiper-button-prev{right:10px;left:auto}.elementor-slides-wrapper div:not(.swiper-slide)>.swiper-slide-inner{display:none}@media (max-width:767px){.elementor-slides .swiper-slide-inner{padding:30px}.elementor-slides .swiper-slide-inner .elementor-slide-heading{font-size:23px;line-height:1;margin-bottom:15px}.elementor-slides .swiper-slide-inner .elementor-slide-description{font-size:13px;line-height:1.4;margin-bottom:15px}}<\/style>\t\t<div class=\"elementor-swiper\">\n\t\t\t<div class=\"elementor-slides-wrapper elementor-main-swiper swiper\" dir=\"ltr\" data-animation=\"fadeInUp\">\n\t\t\t\t<div class=\"swiper-wrapper elementor-slides\">\n\t\t\t\t\t\t\t\t\t\t<div class=\"elementor-repeater-item-d37fba5 swiper-slide\"><div class=\"swiper-slide-bg\" role=\"img\"><\/div><div class=\"swiper-slide-inner\" ><div class=\"swiper-slide-contents\"><\/div><\/div><\/div><div class=\"elementor-repeater-item-f23b374 swiper-slide\"><div class=\"swiper-slide-bg\" role=\"img\"><\/div><div class=\"swiper-slide-inner\" ><div class=\"swiper-slide-contents\"><\/div><\/div><\/div><div class=\"elementor-repeater-item-0be1727 swiper-slide\"><div class=\"swiper-slide-bg\" role=\"img\"><\/div><div class=\"swiper-slide-inner\" ><div class=\"swiper-slide-contents\"><\/div><\/div><\/div><div class=\"elementor-repeater-item-6a7f04d swiper-slide\"><div class=\"swiper-slide-bg\" role=\"img\"><\/div><div class=\"swiper-slide-inner\" ><div class=\"swiper-slide-contents\"><\/div><\/div><\/div>\t\t\t\t<\/div>\n\t\t\t\t\t\t\t\t\t\t\t\t\t\t\t<div class=\"swiper-pagination\"><\/div>\n\t\t\t\t\t\t\t\t\t\t\t\t\t\t\t\t<div class=\"elementor-swiper-button elementor-swiper-button-prev\" role=\"button\" tabindex=\"0\">\n\t\t\t\t\t\t\t<svg aria-hidden=\"true\" class=\"e-font-icon-svg e-eicon-chevron-left\" viewBox=\"0 0 1000 1000\" xmlns=\"http:\/\/www.w3.org\/2000\/svg\"><path d=\"M646 125C629 125 613 133 604 142L308 442C296 454 292 471 292 487 292 504 296 521 308 533L604 854C617 867 629 875 646 875 663 875 679 871 692 858 704 846 713 829 713 812 713 796 708 779 692 767L438 487 692 225C700 217 708 204 708 187 708 171 704 154 692 142 675 129 663 125 646 125Z\"><\/path><\/svg>\t\t\t\t\t\t\t<span class=\"elementor-screen-only\">Diapositive pr\u00e9c\u00e9dente<\/span>\n\t\t\t\t\t\t<\/div>\n\t\t\t\t\t\t<div class=\"elementor-swiper-button elementor-swiper-button-next\" role=\"button\" tabindex=\"0\">\n\t\t\t\t\t\t\t<svg aria-hidden=\"true\" class=\"e-font-icon-svg e-eicon-chevron-right\" viewBox=\"0 0 1000 1000\" xmlns=\"http:\/\/www.w3.org\/2000\/svg\"><path d=\"M696 533C708 521 713 504 713 487 713 471 708 454 696 446L400 146C388 133 375 125 354 125 338 125 325 129 313 142 300 154 292 171 292 187 292 204 296 221 308 233L563 492 304 771C292 783 288 800 288 817 288 833 296 850 308 863 321 871 338 875 354 875 371 875 388 867 400 854L696 533Z\"><\/path><\/svg>\t\t\t\t\t\t\t<span class=\"elementor-screen-only\">Diapositive suivante<\/span>\n\t\t\t\t\t\t<\/div>\n\t\t\t\t\t\t\t\t\t\t\t\t<\/div>\n\t\t<\/div>\n\t\t\t\t<\/div>\n\t\t\t\t<\/div>\n\t\t\t\t\t<\/div>\n\t\t\t\t<\/div>\n\t\t\t\t<\/div>\n\t\t","protected":false},"excerpt":{"rendered":"<p>C\u0153ur Martinique Lamentin Martinique COEUR MARTINIQUE LAMENTIN Description du site R\u00e9seau de froid \u00e0 partir de l&rsquo;\u00e9nergie primaire g\u00e9othermique Taille du permis : 133 km\u00b2 Profondeur du r\u00e9servoir : 1000 m Temp\u00e9rature attendue : 125\u00b0C D\u00e9bit attendu : \u2265 180 m3\/heure par puits de production Capacit\u00e9 thermique : &gt;5 MWth \/ 5 MWfroid COD : [&hellip;]<\/p>\n","protected":false},"author":2,"featured_media":0,"parent":12624,"menu_order":0,"comment_status":"closed","ping_status":"closed","template":"page-full-width.php","meta":{"footnotes":""},"class_list":["post-12643","page","type-page","status-publish","hentry"],"_links":{"self":[{"href":"https:\/\/www.tls-geothermics.com\/fr\/wp-json\/wp\/v2\/pages\/12643","targetHints":{"allow":["GET"]}}],"collection":[{"href":"https:\/\/www.tls-geothermics.com\/fr\/wp-json\/wp\/v2\/pages"}],"about":[{"href":"https:\/\/www.tls-geothermics.com\/fr\/wp-json\/wp\/v2\/types\/page"}],"author":[{"embeddable":true,"href":"https:\/\/www.tls-geothermics.com\/fr\/wp-json\/wp\/v2\/users\/2"}],"replies":[{"embeddable":true,"href":"https:\/\/www.tls-geothermics.com\/fr\/wp-json\/wp\/v2\/comments?post=12643"}],"version-history":[{"count":6,"href":"https:\/\/www.tls-geothermics.com\/fr\/wp-json\/wp\/v2\/pages\/12643\/revisions"}],"predecessor-version":[{"id":13897,"href":"https:\/\/www.tls-geothermics.com\/fr\/wp-json\/wp\/v2\/pages\/12643\/revisions\/13897"}],"up":[{"embeddable":true,"href":"https:\/\/www.tls-geothermics.com\/fr\/wp-json\/wp\/v2\/pages\/12624"}],"wp:attachment":[{"href":"https:\/\/www.tls-geothermics.com\/fr\/wp-json\/wp\/v2\/media?parent=12643"}],"curies":[{"name":"wp","href":"https:\/\/api.w.org\/{rel}","templated":true}]}}