{"id":13086,"date":"2024-06-13T02:09:31","date_gmt":"2024-06-13T02:09:31","guid":{"rendered":"https:\/\/dev.tls-geothermics.com\/investisseurs-actuels\/"},"modified":"2026-02-03T17:09:16","modified_gmt":"2026-02-03T17:09:16","slug":"investisseurs-actuels","status":"publish","type":"page","link":"https:\/\/www.tls-geothermics.com\/fr\/investisseurs-actuels\/","title":{"rendered":"Investisseurs actuels"},"content":{"rendered":"\t\t<div data-elementor-type=\"wp-page\" data-elementor-id=\"13086\" class=\"elementor elementor-13086 elementor-9069\" data-elementor-post-type=\"page\">\n\t\t\t\t\t\t<section class=\"elementor-section elementor-top-section elementor-element elementor-element-24065bbb elementor-section-full_width qodef-elementor-content-grid elementor-section-height-default elementor-section-height-default\" data-id=\"24065bbb\" data-element_type=\"section\" data-settings=\"{&quot;background_background&quot;:&quot;classic&quot;}\">\n\t\t\t\t\t\t<div class=\"elementor-container elementor-column-gap-default\">\n\t\t\t\t\t<div class=\"elementor-column elementor-col-50 elementor-top-column elementor-element elementor-element-1d0f5c16\" data-id=\"1d0f5c16\" data-element_type=\"column\">\n\t\t\t<div class=\"elementor-widget-wrap elementor-element-populated\">\n\t\t\t\t\t\t<div class=\"elementor-element elementor-element-46231864 elementor-widget elementor-widget-manufaktursolutions_core_section_title\" data-id=\"46231864\" data-element_type=\"widget\" data-widget_type=\"manufaktursolutions_core_section_title.default\">\n\t\t\t\t<div class=\"elementor-widget-container\">\n\t\t\t<div class=\"qodef-shortcode qodef-m  qodef-section-title qodef-alignment--left qodef-title-break--disabled  \">\n\t\t<p class=\"qodef-m-highlight-text\" style=\"margin-bottom: 32px\">FINANCEMENT D&#039;AMOR\u00c7AGE ET S\u00c9RIE A<\/p>\n\t\t<h2 class=\"qodef-m-title\" style=\"color: #FFFFFF\">\n\t\t\t\t\thistorique des investissements\t\t\t<\/h2>\n\t\t<\/div>\n\t\t<\/div>\n\t\t\t\t<\/div>\n\t\t\t\t\t<\/div>\n\t\t<\/div>\n\t\t\t\t<div class=\"elementor-column elementor-col-50 elementor-top-column elementor-element elementor-element-4212081d elementor-hidden-tablet elementor-hidden-mobile\" data-id=\"4212081d\" data-element_type=\"column\">\n\t\t\t<div class=\"elementor-widget-wrap\">\n\t\t\t\t\t\t\t<\/div>\n\t\t<\/div>\n\t\t\t\t\t<\/div>\n\t\t<\/section>\n\t\t<div class=\"elementor-element elementor-element-013de35 e-con-full e-flex e-con e-parent\" data-id=\"013de35\" data-element_type=\"container\" data-settings=\"{&quot;background_background&quot;:&quot;classic&quot;,&quot;shape_divider_bottom&quot;:&quot;mountains&quot;}\">\n\t\t\t\t<div class=\"elementor-shape elementor-shape-bottom\" data-negative=\"false\">\n\t\t\t<svg xmlns=\"http:\/\/www.w3.org\/2000\/svg\" viewBox=\"0 0 1000 100\" preserveAspectRatio=\"none\">\n\t<path class=\"elementor-shape-fill\" opacity=\"0.33\" d=\"M473,67.3c-203.9,88.3-263.1-34-320.3,0C66,119.1,0,59.7,0,59.7V0h1000v59.7 c0,0-62.1,26.1-94.9,29.3c-32.8,3.3-62.8-12.3-75.8-22.1C806,49.6,745.3,8.7,694.9,4.7S492.4,59,473,67.3z\"\/>\n\t<path class=\"elementor-shape-fill\" opacity=\"0.66\" d=\"M734,67.3c-45.5,0-77.2-23.2-129.1-39.1c-28.6-8.7-150.3-10.1-254,39.1 s-91.7-34.4-149.2,0C115.7,118.3,0,39.8,0,39.8V0h1000v36.5c0,0-28.2-18.5-92.1-18.5C810.2,18.1,775.7,67.3,734,67.3z\"\/>\n\t<path class=\"elementor-shape-fill\" d=\"M766.1,28.9c-200-57.5-266,65.5-395.1,19.5C242,1.8,242,5.4,184.8,20.6C128,35.8,132.3,44.9,89.9,52.5C28.6,63.7,0,0,0,0 h1000c0,0-9.9,40.9-83.6,48.1S829.6,47,766.1,28.9z\"\/>\n<\/svg>\t\t<\/div>\n\t\t\t\t<div class=\"elementor-element elementor-element-7b575f2 elementor-widget elementor-widget-qi_addons_for_elementor_timeline\" data-id=\"7b575f2\" data-element_type=\"widget\" data-widget_type=\"qi_addons_for_elementor_timeline.default\">\n\t\t\t\t<div class=\"elementor-widget-container\">\n\t\t\t<div class=\"qodef-shortcode qodef-m  qodef-qi-timeline qodef-timeline--vertical  qodef-timeline-layout--vertical-separated qodef-line--inside qodef-point--standard qodef-qi--has-appear  qodef-reverse-padding\">\n\t<div class=\"qodef-e qodef-e-item  elementor-repeater-item-25a3ceb qodef-obverse\">\n\t<div class=\"qodef-e-line-holder\">\n\t\t<span class=\"qodef-e-line\"><\/span>\n\t<\/div>\n\t<div class=\"qodef-e-item-inner\">\n\t\t<div class=\"qodef-e-point-holder\">\n\t\t\t<div class=\"qodef-e-point\">\n\t\t\t\t\t\t\t<\/div>\n\t\t<\/div>\n\t\t<div class=\"qodef-e-side-holder\">\n\t\t\t<div class=\"qodef-e-image\">\n\t<\/div>\n\t\t<\/div>\n\t\t<div class=\"qodef-e-content-holder\">\n\t\t\t\t\t\t\t<h4 class=\"qodef-e-title\">\n\t\t2012\t\t<\/h4>\n\t\t\t\t\t<p class=\"qodef-e-text\">\n\t\tTLS Geothermics a \u00e9t\u00e9 cofond\u00e9e en 2012 par Jean-Luc Auxietre, PhD.\net Mathieu Auxietre, et financ\u00e9e par des amis et la famille.\t<\/p>\n\t\t\t<\/div>\n\t<\/div>\n<\/div>\n<div class=\"qodef-e qodef-e-item  elementor-repeater-item-cee4272 qodef-reverse\">\n\t<div class=\"qodef-e-line-holder\">\n\t\t<span class=\"qodef-e-line\"><\/span>\n\t<\/div>\n\t<div class=\"qodef-e-item-inner\">\n\t\t<div class=\"qodef-e-point-holder\">\n\t\t\t<div class=\"qodef-e-point\">\n\t\t\t\t\t\t\t<\/div>\n\t\t<\/div>\n\t\t<div class=\"qodef-e-side-holder\">\n\t\t\t<div class=\"qodef-e-image\">\n\t<\/div>\n\t\t<\/div>\n\t\t<div class=\"qodef-e-content-holder\">\n\t\t\t\t\t\t\t<h4 class=\"qodef-e-title\">\n\t\t2016\t\t<\/h4>\n\t\t\t\t\t<p class=\"qodef-e-text\">\n\t\tEn 2016, TLS Geothermics a obtenu un financement d&#039;amor\u00e7age suppl\u00e9mentaire de 200 k\u20ac de la part d&#039;investisseurs via la plateforme de crowdfunding WISEED.\t<\/p>\n\t\t\t<\/div>\n\t<\/div>\n<\/div>\n<div class=\"qodef-e qodef-e-item  elementor-repeater-item-77b40d3 qodef-obverse\">\n\t<div class=\"qodef-e-line-holder\">\n\t\t<span class=\"qodef-e-line\"><\/span>\n\t<\/div>\n\t<div class=\"qodef-e-item-inner\">\n\t\t<div class=\"qodef-e-point-holder\">\n\t\t\t<div class=\"qodef-e-point\">\n\t\t\t\t\t\t\t<\/div>\n\t\t<\/div>\n\t\t<div class=\"qodef-e-side-holder\">\n\t\t\t<div class=\"qodef-e-image\">\n\t<\/div>\n\t\t<\/div>\n\t\t<div class=\"qodef-e-content-holder\">\n\t\t\t\t\t\t\t<h4 class=\"qodef-e-title\">\n\t\t2021\t\t<\/h4>\n\t\t\t\t\t<p class=\"qodef-e-text\">\n\t\tLa filiale am\u00e9ricaine (TLS Geothermics Corp) a \u00e9t\u00e9 cr\u00e9\u00e9e et est enti\u00e8rement d\u00e9tenue par TLS Geothermics SAS.\t<\/p>\n\t\t\t<\/div>\n\t<\/div>\n<\/div>\n<div class=\"qodef-e qodef-e-item  elementor-repeater-item-839d85f qodef-reverse\">\n\t<div class=\"qodef-e-line-holder\">\n\t\t<span class=\"qodef-e-line\"><\/span>\n\t<\/div>\n\t<div class=\"qodef-e-item-inner\">\n\t\t<div class=\"qodef-e-point-holder\">\n\t\t\t<div class=\"qodef-e-point\">\n\t\t\t\t\t\t\t<\/div>\n\t\t<\/div>\n\t\t<div class=\"qodef-e-side-holder\">\n\t\t\t<div class=\"qodef-e-image\">\n\t<\/div>\n\t\t<\/div>\n\t\t<div class=\"qodef-e-content-holder\">\n\t\t\t\t\t\t\t<h4 class=\"qodef-e-title\">\n\t\t2022\t\t<\/h4>\n\t\t\t\t\t<p class=\"qodef-e-text\">\n\t\tLes investisseurs institutionnels fran\u00e7ais (NORIA et ADEME Investissement) ont investi 13,3 millions d&#039;euros pour soutenir le d\u00e9veloppement de projets en France, en Allemagne et aux \u00c9tats-Unis.\t<\/p>\n\t\t\t<\/div>\n\t<\/div>\n<\/div>\n<\/div>\n\t\t<\/div>\n\t\t\t\t<\/div>\n\t\t\t\t<\/div>\n\t\t<div class=\"elementor-element elementor-element-a77f00e e-con-full e-flex e-con e-parent\" data-id=\"a77f00e\" data-element_type=\"container\" data-settings=\"{&quot;background_background&quot;:&quot;classic&quot;,&quot;shape_divider_top&quot;:&quot;mountains&quot;}\">\n\t\t\t\t<div class=\"elementor-shape elementor-shape-top\" data-negative=\"false\">\n\t\t\t<svg xmlns=\"http:\/\/www.w3.org\/2000\/svg\" viewBox=\"0 0 1000 100\" preserveAspectRatio=\"none\">\n\t<path class=\"elementor-shape-fill\" opacity=\"0.33\" d=\"M473,67.3c-203.9,88.3-263.1-34-320.3,0C66,119.1,0,59.7,0,59.7V0h1000v59.7 c0,0-62.1,26.1-94.9,29.3c-32.8,3.3-62.8-12.3-75.8-22.1C806,49.6,745.3,8.7,694.9,4.7S492.4,59,473,67.3z\"\/>\n\t<path class=\"elementor-shape-fill\" opacity=\"0.66\" d=\"M734,67.3c-45.5,0-77.2-23.2-129.1-39.1c-28.6-8.7-150.3-10.1-254,39.1 s-91.7-34.4-149.2,0C115.7,118.3,0,39.8,0,39.8V0h1000v36.5c0,0-28.2-18.5-92.1-18.5C810.2,18.1,775.7,67.3,734,67.3z\"\/>\n\t<path class=\"elementor-shape-fill\" d=\"M766.1,28.9c-200-57.5-266,65.5-395.1,19.5C242,1.8,242,5.4,184.8,20.6C128,35.8,132.3,44.9,89.9,52.5C28.6,63.7,0,0,0,0 h1000c0,0-9.9,40.9-83.6,48.1S829.6,47,766.1,28.9z\"\/>\n<\/svg>\t\t<\/div>\n\t\t\t\t<div class=\"elementor-element elementor-element-71733d6 elementor-invisible elementor-widget elementor-widget-image\" data-id=\"71733d6\" data-element_type=\"widget\" data-settings=\"{&quot;_animation&quot;:&quot;fadeIn&quot;}\" data-widget_type=\"image.default\">\n\t\t\t\t<div class=\"elementor-widget-container\">\n\t\t\t<style>\/*! elementor - v3.23.0 - 05-08-2024 *\/\n.elementor-widget-image{text-align:center}.elementor-widget-image a{display:inline-block}.elementor-widget-image a img[src$=\".svg\"]{width:48px}.elementor-widget-image img{vertical-align:middle;display:inline-block}<\/style>\t\t\t\t\t\t\t\t\t\t<img fetchpriority=\"high\" decoding=\"async\" width=\"2500\" height=\"994\" src=\"https:\/\/www.tls-geothermics.com\/wp-content\/uploads\/2024\/07\/TLS-Drill-Site-Nevada-v3.jpg\" class=\"attachment-full size-full wp-image-10596\" alt=\"\" srcset=\"https:\/\/www.tls-geothermics.com\/wp-content\/uploads\/2024\/07\/TLS-Drill-Site-Nevada-v3.jpg 2500w, https:\/\/www.tls-geothermics.com\/wp-content\/uploads\/2024\/07\/TLS-Drill-Site-Nevada-v3-300x119.jpg 300w, https:\/\/www.tls-geothermics.com\/wp-content\/uploads\/2024\/07\/TLS-Drill-Site-Nevada-v3-1024x407.jpg 1024w, https:\/\/www.tls-geothermics.com\/wp-content\/uploads\/2024\/07\/TLS-Drill-Site-Nevada-v3-768x305.jpg 768w, https:\/\/www.tls-geothermics.com\/wp-content\/uploads\/2024\/07\/TLS-Drill-Site-Nevada-v3-1536x611.jpg 1536w, https:\/\/www.tls-geothermics.com\/wp-content\/uploads\/2024\/07\/TLS-Drill-Site-Nevada-v3-2048x814.jpg 2048w\" sizes=\"(max-width: 2500px) 100vw, 2500px\" \/>\t\t\t\t\t\t\t\t\t\t\t\t\t<\/div>\n\t\t\t\t<\/div>\n\t\t\t\t<\/div>\n\t\t\t\t<\/div>\n\t\t","protected":false},"excerpt":{"rendered":"<p>FINANCEMENT D&#039;AMOR\u00c7AGE ET S\u00c9RIE A historique des investissements 2012 TLS Geothermics a \u00e9t\u00e9 cofond\u00e9e en 2012 par Jean-Luc Auxietre, PhD. et Mathieu Auxietre, et financ\u00e9e par des amis et la famille. 2016 En 2016, TLS Geothermics a obtenu un financement d&#039;amor\u00e7age suppl\u00e9mentaire de 200 k\u20ac de la part d&#039;investisseurs via la plateforme de crowdfunding WISEED. [&hellip;]<\/p>\n","protected":false},"author":2,"featured_media":0,"parent":0,"menu_order":0,"comment_status":"closed","ping_status":"closed","template":"page-full-width.php","meta":{"footnotes":""},"class_list":["post-13086","page","type-page","status-publish","hentry"],"_links":{"self":[{"href":"https:\/\/www.tls-geothermics.com\/fr\/wp-json\/wp\/v2\/pages\/13086","targetHints":{"allow":["GET"]}}],"collection":[{"href":"https:\/\/www.tls-geothermics.com\/fr\/wp-json\/wp\/v2\/pages"}],"about":[{"href":"https:\/\/www.tls-geothermics.com\/fr\/wp-json\/wp\/v2\/types\/page"}],"author":[{"embeddable":true,"href":"https:\/\/www.tls-geothermics.com\/fr\/wp-json\/wp\/v2\/users\/2"}],"replies":[{"embeddable":true,"href":"https:\/\/www.tls-geothermics.com\/fr\/wp-json\/wp\/v2\/comments?post=13086"}],"version-history":[{"count":3,"href":"https:\/\/www.tls-geothermics.com\/fr\/wp-json\/wp\/v2\/pages\/13086\/revisions"}],"predecessor-version":[{"id":14285,"href":"https:\/\/www.tls-geothermics.com\/fr\/wp-json\/wp\/v2\/pages\/13086\/revisions\/14285"}],"wp:attachment":[{"href":"https:\/\/www.tls-geothermics.com\/fr\/wp-json\/wp\/v2\/media?parent=13086"}],"curies":[{"name":"wp","href":"https:\/\/api.w.org\/{rel}","templated":true}]}}