{"id":13095,"date":"2024-06-07T19:37:02","date_gmt":"2024-06-07T19:37:02","guid":{"rendered":"https:\/\/dev.tls-geothermics.com\/dig4geo\/"},"modified":"2024-10-18T10:22:34","modified_gmt":"2024-10-18T10:22:34","slug":"dig4geo","status":"publish","type":"page","link":"https:\/\/www.tls-geothermics.com\/fr\/dig4geo\/","title":{"rendered":"DIG4GEO"},"content":{"rendered":"\t\t<div data-elementor-type=\"wp-page\" data-elementor-id=\"13095\" class=\"elementor elementor-13095 elementor-8922\" data-elementor-post-type=\"page\">\n\t\t\t\t\t\t<section class=\"elementor-section elementor-top-section elementor-element elementor-element-84b163a elementor-section-full_width elementor-section-height-min-height elementor-section-height-default elementor-section-items-middle qodef-elementor-content-no\" data-id=\"84b163a\" data-element_type=\"section\" data-settings=\"{&quot;background_background&quot;:&quot;classic&quot;}\">\n\t\t\t\t\t\t\t<div class=\"elementor-background-overlay\"><\/div>\n\t\t\t\t\t\t\t<div class=\"elementor-container elementor-column-gap-default\">\n\t\t\t\t\t<div class=\"elementor-column elementor-col-50 elementor-top-column elementor-element elementor-element-6246ba2 elementor-hidden-tablet elementor-hidden-mobile\" data-id=\"6246ba2\" data-element_type=\"column\">\n\t\t\t<div class=\"elementor-widget-wrap elementor-element-populated\">\n\t\t\t\t\t\t<div class=\"elementor-element elementor-element-ef4f001 elementor-widget elementor-widget-image\" data-id=\"ef4f001\" data-element_type=\"widget\" data-widget_type=\"image.default\">\n\t\t\t\t<div class=\"elementor-widget-container\">\n\t\t\t<style>\/*! elementor - v3.23.0 - 05-08-2024 *\/\n.elementor-widget-image{text-align:center}.elementor-widget-image a{display:inline-block}.elementor-widget-image a img[src$=\".svg\"]{width:48px}.elementor-widget-image img{vertical-align:middle;display:inline-block}<\/style>\t\t\t\t\t\t\t\t\t\t<img fetchpriority=\"high\" decoding=\"async\" width=\"512\" height=\"512\" src=\"https:\/\/www.tls-geothermics.com\/wp-content\/uploads\/2024\/05\/cropped-Dig4Geo.png\" class=\"attachment-large size-large wp-image-9431\" alt=\"\" srcset=\"https:\/\/www.tls-geothermics.com\/wp-content\/uploads\/2024\/05\/cropped-Dig4Geo.png 512w, https:\/\/www.tls-geothermics.com\/wp-content\/uploads\/2024\/05\/cropped-Dig4Geo-300x300.png 300w, https:\/\/www.tls-geothermics.com\/wp-content\/uploads\/2024\/05\/cropped-Dig4Geo-150x150.png 150w, https:\/\/www.tls-geothermics.com\/wp-content\/uploads\/2024\/05\/cropped-Dig4Geo-270x270.png 270w, https:\/\/www.tls-geothermics.com\/wp-content\/uploads\/2024\/05\/cropped-Dig4Geo-192x192.png 192w, https:\/\/www.tls-geothermics.com\/wp-content\/uploads\/2024\/05\/cropped-Dig4Geo-180x180.png 180w, https:\/\/www.tls-geothermics.com\/wp-content\/uploads\/2024\/05\/cropped-Dig4Geo-32x32.png 32w\" sizes=\"(max-width: 512px) 100vw, 512px\" \/>\t\t\t\t\t\t\t\t\t\t\t\t\t<\/div>\n\t\t\t\t<\/div>\n\t\t\t\t\t<\/div>\n\t\t<\/div>\n\t\t\t\t<div class=\"elementor-column elementor-col-50 elementor-top-column elementor-element elementor-element-79af27e\" data-id=\"79af27e\" data-element_type=\"column\">\n\t\t\t<div class=\"elementor-widget-wrap elementor-element-populated\">\n\t\t\t\t\t\t<div class=\"elementor-element elementor-element-e52f9ce elementor-widget__width-auto elementor-widget elementor-widget-manufaktursolutions_core_section_title\" data-id=\"e52f9ce\" data-element_type=\"widget\" data-widget_type=\"manufaktursolutions_core_section_title.default\">\n\t\t\t\t<div class=\"elementor-widget-container\">\n\t\t\t<div class=\"qodef-shortcode qodef-m  qodef-section-title qodef-alignment--left   \">\n\t\t<p class=\"qodef-m-highlight-text\" style=\"color: #F1EBEB;margin-bottom: 10px\">Outil d&#039;IA propre \u00e0 TLS<\/p>\n\t\t\t<\/div>\n\t\t<\/div>\n\t\t\t\t<\/div>\n\t\t\t\t<div class=\"elementor-element elementor-element-987a300 elementor-widget elementor-widget-manufaktursolutions_core_custom_font\" data-id=\"987a300\" data-element_type=\"widget\" data-widget_type=\"manufaktursolutions_core_custom_font.default\">\n\t\t\t\t<div class=\"elementor-widget-container\">\n\t\t\t<h1 class=\"qodef-shortcode qodef-m  qodef-custom-font qodef-custom-font-20 qodef-layout--simple\" style=\"color: #FFFFFF;font-size: 120px;letter-spacing: -0.01em;text-transform: capitalize\">DIG4GEO<\/h1>\n\t\t<\/div>\n\t\t\t\t<\/div>\n\t\t<div class=\"elementor-element elementor-element-9ddaf9c e-con-full e-flex e-con e-parent\" data-id=\"9ddaf9c\" data-element_type=\"container\">\n\t\t\t\t<div class=\"elementor-element elementor-element-9798752 elementor-widget elementor-widget-text-editor\" data-id=\"9798752\" data-element_type=\"widget\" data-widget_type=\"text-editor.default\">\n\t\t\t\t<div class=\"elementor-widget-container\">\n\t\t\t<style>\/*! elementor - v3.23.0 - 05-08-2024 *\/\n.elementor-widget-text-editor.elementor-drop-cap-view-stacked .elementor-drop-cap{background-color:#69727d;color:#fff}.elementor-widget-text-editor.elementor-drop-cap-view-framed .elementor-drop-cap{color:#69727d;border:3px solid;background-color:transparent}.elementor-widget-text-editor:not(.elementor-drop-cap-view-default) .elementor-drop-cap{margin-top:8px}.elementor-widget-text-editor:not(.elementor-drop-cap-view-default) .elementor-drop-cap-letter{width:1em;height:1em}.elementor-widget-text-editor .elementor-drop-cap{float:left;text-align:center;line-height:1;font-size:50px}.elementor-widget-text-editor .elementor-drop-cap-letter{display:inline-block}<\/style>\t\t\t\t<p class=\"p1\">Notre logiciel DIG4GEO combine nos concepts et notre expertise de l&rsquo;exploration avec l&rsquo;intelligence artificielle d\u00e9velopp\u00e9e par TLS Geothermics pour aider nos g\u00e9oscientifiques \u00e0 identifier les zones les plus favorables \u00e0 l&rsquo;exploration g\u00e9othermique et \u00e0 \u00e9valuer le potentiel g\u00e9othermique.<\/p>\n\t\t\t\t\t\t<\/div>\n\t\t\t\t<\/div>\n\t\t\t\t<\/div>\n\t\t\t\t\t<\/div>\n\t\t<\/div>\n\t\t\t\t\t<\/div>\n\t\t<\/section>\n\t\t\t\t<section class=\"elementor-section elementor-top-section elementor-element elementor-element-3107a6b elementor-section-full_width qodef-elementor-content-grid elementor-section-height-default elementor-section-height-default\" data-id=\"3107a6b\" data-element_type=\"section\" data-settings=\"{&quot;background_background&quot;:&quot;classic&quot;}\">\n\t\t\t\t\t\t\t<div class=\"elementor-background-overlay\"><\/div>\n\t\t\t\t\t\t\t<div class=\"elementor-container elementor-column-gap-default\">\n\t\t\t\t\t<div class=\"elementor-column elementor-col-100 elementor-top-column elementor-element elementor-element-17bbd31 qodef-dark-bullet\" data-id=\"17bbd31\" data-element_type=\"column\">\n\t\t\t<div class=\"elementor-widget-wrap elementor-element-populated\">\n\t\t\t\t\t\t<div class=\"elementor-element elementor-element-6338ac0 elementor-widget elementor-widget-manufaktursolutions_core_section_title\" data-id=\"6338ac0\" data-element_type=\"widget\" data-widget_type=\"manufaktursolutions_core_section_title.default\">\n\t\t\t\t<div class=\"elementor-widget-container\">\n\t\t\t<div class=\"qodef-shortcode qodef-m  qodef-section-title qodef-alignment--left qodef-title-break--disabled  \">\n\t\t<p class=\"qodef-m-highlight-text\" >DIG4GEO<\/p>\n\t\t<h2 class=\"qodef-m-title\" style=\"color: #E1E1E1\">\n\t\t\t\t\tL'ANALYSE DE FAVORABILIT\u00c9<br \/>\t\t\t<\/h2>\n\t\t<\/div>\n\t\t<\/div>\n\t\t\t\t<\/div>\n\t\t\t\t<div class=\"elementor-element elementor-element-dbca48b elementor-widget__width-inherit elementor-invisible elementor-widget elementor-widget-text-editor\" data-id=\"dbca48b\" data-element_type=\"widget\" data-settings=\"{&quot;_animation&quot;:&quot;slideInUp&quot;}\" data-widget_type=\"text-editor.default\">\n\t\t\t\t<div class=\"elementor-widget-container\">\n\t\t\t\t\t\t\t<p><span style=\"font-weight: 400;\">L&rsquo;identification des zones les plus prometteuses pour l&rsquo;exploration g\u00e9othermique, sans les donn\u00e9es empiriques de surface (donn\u00e9es sur les sources chaudes et les puits), est essentielle pour r\u00e9v\u00e9ler le vaste potentiel des syst\u00e8mes hydrothermaux cach\u00e9s. Pour cela, DIG4GEO utilise une grande quantit\u00e9 de param\u00e8tres \u00e0 travers des bases de donn\u00e9es robustes, y compris la g\u00e9ologie, la g\u00e9ophysique, la g\u00e9om\u00e9canique. Des ann\u00e9es d&rsquo;exp\u00e9rience et un solide bagage th\u00e9orique et conceptuel de ce qui rend un syst\u00e8me g\u00e9othermique viable (chaleur, fluide et drains) pour g\u00e9n\u00e9rer une ressource g\u00e9othermique, sont utilis\u00e9s pour s\u00e9lectionner les param\u00e8tres les plus pertinents pour l&rsquo;entra\u00eenement du mod\u00e8le.  <\/span><\/p>\n\t\t\t\t\t\t<\/div>\n\t\t\t\t<\/div>\n\t\t\t\t<div class=\"elementor-element elementor-element-8116cec elementor-widget elementor-widget-image\" data-id=\"8116cec\" data-element_type=\"widget\" data-widget_type=\"image.default\">\n\t\t\t\t<div class=\"elementor-widget-container\">\n\t\t\t\t\t\t\t\t\t\t\t\t\t<img decoding=\"async\" width=\"379\" height=\"223\" src=\"https:\/\/www.tls-geothermics.com\/wp-content\/uploads\/2024\/09\/Dig4Geo.png\" class=\"attachment-large size-large wp-image-12798\" alt=\"\" srcset=\"https:\/\/www.tls-geothermics.com\/wp-content\/uploads\/2024\/09\/Dig4Geo.png 379w, https:\/\/www.tls-geothermics.com\/wp-content\/uploads\/2024\/09\/Dig4Geo-300x177.png 300w\" sizes=\"(max-width: 379px) 100vw, 379px\" \/>\t\t\t\t\t\t\t\t\t\t\t\t\t<\/div>\n\t\t\t\t<\/div>\n\t\t\t\t\t<\/div>\n\t\t<\/div>\n\t\t\t\t\t<\/div>\n\t\t<\/section>\n\t\t<div class=\"elementor-element elementor-element-f4f6845 e-flex e-con-boxed e-con e-parent\" data-id=\"f4f6845\" data-element_type=\"container\" data-settings=\"{&quot;background_background&quot;:&quot;slideshow&quot;,&quot;background_slideshow_gallery&quot;:[{&quot;id&quot;:8951,&quot;url&quot;:&quot;https:\\\/\\\/www.tls-geothermics.com\\\/wp-content\\\/uploads\\\/2024\\\/06\\\/is-1816059345-1024x1024-1.jpg&quot;}],&quot;background_slideshow_loop&quot;:&quot;yes&quot;,&quot;background_slideshow_slide_duration&quot;:5000,&quot;background_slideshow_slide_transition&quot;:&quot;fade&quot;,&quot;background_slideshow_transition_duration&quot;:500}\">\n\t\t\t\t\t<div class=\"e-con-inner\">\n\t\t\t\t<div class=\"elementor-element elementor-element-8fc7e17 elementor-widget elementor-widget-qi_addons_for_elementor_before_after\" data-id=\"8fc7e17\" data-element_type=\"widget\" data-widget_type=\"qi_addons_for_elementor_before_after.default\">\n\t\t\t\t<div class=\"elementor-widget-container\">\n\t\t\t<div class=\"qodef-shortcode qodef-m  qodef-qi-before-after qodef--horizontal\">\n\t<div class=\"qodef-before-after-image-holder qodef-m-image\" data-offset=\"50\">\n\t\t<img decoding=\"async\" width=\"633\" height=\"385\" src=\"https:\/\/www.tls-geothermics.com\/wp-content\/uploads\/2024\/06\/DIG4GEO_ScrollWidget1.png\" class=\"attachment-full size-full\" alt=\"\" srcset=\"https:\/\/www.tls-geothermics.com\/wp-content\/uploads\/2024\/06\/DIG4GEO_ScrollWidget1.png 633w, https:\/\/www.tls-geothermics.com\/wp-content\/uploads\/2024\/06\/DIG4GEO_ScrollWidget1-300x182.png 300w\" sizes=\"(max-width: 633px) 100vw, 633px\" \/><img loading=\"lazy\" decoding=\"async\" width=\"633\" height=\"385\" src=\"https:\/\/www.tls-geothermics.com\/wp-content\/uploads\/2024\/06\/DIG4GEO_ScrollWidget2.png\" class=\"attachment-full size-full\" alt=\"\" srcset=\"https:\/\/www.tls-geothermics.com\/wp-content\/uploads\/2024\/06\/DIG4GEO_ScrollWidget2.png 633w, https:\/\/www.tls-geothermics.com\/wp-content\/uploads\/2024\/06\/DIG4GEO_ScrollWidget2-300x182.png 300w\" sizes=\"(max-width: 633px) 100vw, 633px\" \/>\t<\/div>\n\t\t\t<div class=\"qodef-handle-text\">\n\t\t\tDrag\t\t<\/div>\n\t<\/div>\n\t\t<\/div>\n\t\t\t\t<\/div>\n\t\t\t\t\t<\/div>\n\t\t\t\t<\/div>\n\t\t\t\t<section class=\"elementor-section elementor-top-section elementor-element elementor-element-d830595 elementor-section-full_width qodef-elementor-content-grid elementor-section-height-default elementor-section-height-default\" data-id=\"d830595\" data-element_type=\"section\" data-settings=\"{&quot;background_background&quot;:&quot;classic&quot;}\">\n\t\t\t\t\t\t\t<div class=\"elementor-background-overlay\"><\/div>\n\t\t\t\t\t\t\t<div class=\"elementor-container elementor-column-gap-default\">\n\t\t\t\t\t<div class=\"elementor-column elementor-col-100 elementor-top-column elementor-element elementor-element-c3f4d79 qodef-dark-bullet\" data-id=\"c3f4d79\" data-element_type=\"column\">\n\t\t\t<div class=\"elementor-widget-wrap elementor-element-populated\">\n\t\t\t\t\t\t<div class=\"elementor-element elementor-element-2739627 elementor-invisible elementor-widget elementor-widget-manufaktursolutions_core_section_title\" data-id=\"2739627\" data-element_type=\"widget\" data-settings=\"{&quot;_animation&quot;:&quot;fadeInUp&quot;}\" data-widget_type=\"manufaktursolutions_core_section_title.default\">\n\t\t\t\t<div class=\"elementor-widget-container\">\n\t\t\t<div class=\"qodef-shortcode qodef-m  qodef-section-title qodef-alignment--left qodef-title-break--disabled  \">\n\t\t\t\t<\/div>\n\t\t<\/div>\n\t\t\t\t<\/div>\n\t\t\t\t<div class=\"elementor-element elementor-element-eb3c95b elementor-invisible elementor-widget elementor-widget-manufaktursolutions_core_section_title\" data-id=\"eb3c95b\" data-element_type=\"widget\" data-settings=\"{&quot;_animation&quot;:&quot;fadeInUp&quot;}\" data-widget_type=\"manufaktursolutions_core_section_title.default\">\n\t\t\t\t<div class=\"elementor-widget-container\">\n\t\t\t<div class=\"qodef-shortcode qodef-m  qodef-section-title qodef-alignment--left qodef-title-break--disabled  \">\n\t\t<p class=\"qodef-m-highlight-text\" >DIG4GEO<\/p>\n\t\t<h2 class=\"qodef-m-title\" style=\"color: #E1E1E1\">\n\t\t\t\t\tCartographie des failles<br \/>\t\t\t<\/h2>\n\t\t\t<p class=\"qodef-m-text\" style=\"color: #FFFFFF\">DIG4GEO inclut d\u00e9sormais un outil d&#039;apprentissage profond pour g\u00e9n\u00e9rer des cartes de failles.<\/p>\n<\/div>\n\t\t<\/div>\n\t\t\t\t<\/div>\n\t\t\t\t<div class=\"elementor-element elementor-element-fd0c7ef elementor-widget__width-inherit elementor-invisible elementor-widget elementor-widget-text-editor\" data-id=\"fd0c7ef\" data-element_type=\"widget\" data-settings=\"{&quot;_animation&quot;:&quot;slideInUp&quot;}\" data-widget_type=\"text-editor.default\">\n\t\t\t\t<div class=\"elementor-widget-container\">\n\t\t\t\t\t\t\t<p><span style=\"font-weight: 400;\">Les failles \u00e9tant les principaux drains des syst\u00e8mes g\u00e9othermiques hydrothermaux, il est essentiel de disposer d&rsquo;un mod\u00e8le structural pr\u00e9cis et complet pour l&rsquo;exploration. De nombreuses bases de donn\u00e9es et cartes g\u00e9ologiques existent, mais leur r\u00e9solution et la qualit\u00e9 de la cartographie des failles n&rsquo;est pas toujours homog\u00e8ne. DIG4GEO inclut d\u00e9sormais un outil de deep learning pour g\u00e9n\u00e9rer des cartes de failles.  <\/span><\/p>\n\t\t\t\t\t\t<\/div>\n\t\t\t\t<\/div>\n\t\t<div class=\"elementor-element elementor-element-91b2d73 e-grid e-con-boxed e-con e-parent\" data-id=\"91b2d73\" data-element_type=\"container\">\n\t\t\t\t\t<div class=\"e-con-inner\">\n\t\t\t\t<div class=\"elementor-element elementor-element-5700f14 elementor-widget elementor-widget-image\" data-id=\"5700f14\" data-element_type=\"widget\" data-widget_type=\"image.default\">\n\t\t\t\t<div class=\"elementor-widget-container\">\n\t\t\t\t\t\t\t\t\t\t\t\t\t<img loading=\"lazy\" decoding=\"async\" width=\"475\" height=\"205\" src=\"https:\/\/www.tls-geothermics.com\/wp-content\/uploads\/2024\/09\/Fault-Detect.png\" class=\"attachment-large size-large wp-image-12793\" alt=\"\" srcset=\"https:\/\/www.tls-geothermics.com\/wp-content\/uploads\/2024\/09\/Fault-Detect.png 475w, https:\/\/www.tls-geothermics.com\/wp-content\/uploads\/2024\/09\/Fault-Detect-300x129.png 300w\" sizes=\"(max-width: 475px) 100vw, 475px\" \/>\t\t\t\t\t\t\t\t\t\t\t\t\t<\/div>\n\t\t\t\t<\/div>\n\t\t\t\t\t<\/div>\n\t\t\t\t<\/div>\n\t\t\t\t\t<\/div>\n\t\t<\/div>\n\t\t\t\t\t<\/div>\n\t\t<\/section>\n\t\t\t\t<\/div>\n\t\t","protected":false},"excerpt":{"rendered":"<p>Outil d&#039;IA propre \u00e0 TLS DIG4GEO Notre logiciel DIG4GEO combine nos concepts et notre expertise de l&rsquo;exploration avec l&rsquo;intelligence artificielle d\u00e9velopp\u00e9e par TLS Geothermics pour aider nos g\u00e9oscientifiques \u00e0 identifier les zones les plus favorables \u00e0 l&rsquo;exploration g\u00e9othermique et \u00e0 \u00e9valuer le potentiel g\u00e9othermique. DIG4GEO L&rsquo;ANALYSE DE FAVORABILIT\u00c9 L&rsquo;identification des zones les plus prometteuses pour [&hellip;]<\/p>\n","protected":false},"author":2,"featured_media":0,"parent":0,"menu_order":0,"comment_status":"closed","ping_status":"closed","template":"page-full-width.php","meta":{"footnotes":""},"class_list":["post-13095","page","type-page","status-publish","hentry"],"_links":{"self":[{"href":"https:\/\/www.tls-geothermics.com\/fr\/wp-json\/wp\/v2\/pages\/13095","targetHints":{"allow":["GET"]}}],"collection":[{"href":"https:\/\/www.tls-geothermics.com\/fr\/wp-json\/wp\/v2\/pages"}],"about":[{"href":"https:\/\/www.tls-geothermics.com\/fr\/wp-json\/wp\/v2\/types\/page"}],"author":[{"embeddable":true,"href":"https:\/\/www.tls-geothermics.com\/fr\/wp-json\/wp\/v2\/users\/2"}],"replies":[{"embeddable":true,"href":"https:\/\/www.tls-geothermics.com\/fr\/wp-json\/wp\/v2\/comments?post=13095"}],"version-history":[{"count":8,"href":"https:\/\/www.tls-geothermics.com\/fr\/wp-json\/wp\/v2\/pages\/13095\/revisions"}],"predecessor-version":[{"id":13812,"href":"https:\/\/www.tls-geothermics.com\/fr\/wp-json\/wp\/v2\/pages\/13095\/revisions\/13812"}],"wp:attachment":[{"href":"https:\/\/www.tls-geothermics.com\/fr\/wp-json\/wp\/v2\/media?parent=13095"}],"curies":[{"name":"wp","href":"https:\/\/api.w.org\/{rel}","templated":true}]}}