{"id":13104,"date":"2024-06-13T04:09:07","date_gmt":"2024-06-13T04:09:07","guid":{"rendered":"https:\/\/dev.tls-geothermics.com\/projets-europeens\/"},"modified":"2026-02-03T17:44:13","modified_gmt":"2026-02-03T17:44:13","slug":"projets-europeens","status":"publish","type":"page","link":"https:\/\/www.tls-geothermics.com\/fr\/projets-europeens\/","title":{"rendered":"Projets europ\u00e9ens"},"content":{"rendered":"\t\t<div data-elementor-type=\"wp-page\" data-elementor-id=\"13104\" class=\"elementor elementor-13104 elementor-9105\" data-elementor-post-type=\"page\">\n\t\t\t\t\t\t<section class=\"elementor-section elementor-top-section elementor-element elementor-element-3998837 elementor-section-full_width elementor-section-height-default elementor-section-height-default qodef-elementor-content-no\" data-id=\"3998837\" data-element_type=\"section\" data-settings=\"{&quot;background_background&quot;:&quot;classic&quot;}\">\n\t\t\t\t\t\t<div class=\"elementor-container elementor-column-gap-default\">\n\t\t\t\t\t<div class=\"elementor-column elementor-col-50 elementor-top-column elementor-element elementor-element-0777091 qodef-elementor-sticky-child-fixed\" data-id=\"0777091\" data-element_type=\"column\" data-settings=\"{&quot;background_background&quot;:&quot;classic&quot;}\">\n\t\t\t<div class=\"elementor-widget-wrap elementor-element-populated\">\n\t\t\t\t\t\t<section class=\"elementor-section elementor-inner-section elementor-element elementor-element-90cde1a elementor-section-full_width elementor-section-height-min-height elementor-section-content-bottom elementor-section-height-default qodef-elementor-content-no\" data-id=\"90cde1a\" data-element_type=\"section\" data-settings=\"{&quot;background_background&quot;:&quot;classic&quot;}\">\n\t\t\t\t\t\t<div class=\"elementor-container elementor-column-gap-wide\">\n\t\t\t\t\t<div class=\"elementor-column elementor-col-100 elementor-inner-column elementor-element elementor-element-8a39110\" data-id=\"8a39110\" data-element_type=\"column\">\n\t\t\t<div class=\"elementor-widget-wrap elementor-element-populated\">\n\t\t\t\t\t\t<div class=\"elementor-element elementor-element-04d2b66 elementor-widget elementor-widget-manufaktursolutions_core_section_title\" data-id=\"04d2b66\" data-element_type=\"widget\" data-widget_type=\"manufaktursolutions_core_section_title.default\">\n\t\t\t\t<div class=\"elementor-widget-container\">\n\t\t\t<div class=\"qodef-shortcode qodef-m  qodef-section-title qodef-alignment--left qodef-title-break--disabled  \">\n\t\t<p class=\"qodef-m-highlight-text\" style=\"color: #FFFFFF;margin-bottom: 0px\">France et Allemagne<\/p>\n\t\t\t<\/div>\n\t\t<\/div>\n\t\t\t\t<\/div>\n\t\t\t\t<div class=\"elementor-element elementor-element-abcf455 elementor-widget elementor-widget-manufaktursolutions_core_custom_font\" data-id=\"abcf455\" data-element_type=\"widget\" data-widget_type=\"manufaktursolutions_core_custom_font.default\">\n\t\t\t\t<div class=\"elementor-widget-container\">\n\t\t\t<h1 class=\"qodef-shortcode qodef-m  qodef-custom-font qodef-custom-font-537 qodef-layout--simple\" style=\"color: #FFFFFF;font-family: Space Grotesk;font-size: 90px;line-height: 90px;font-weight: 700\">PROJETS EUROP\u00c9ENS<\/h1>\n\t\t<\/div>\n\t\t\t\t<\/div>\n\t\t\t\t\t<\/div>\n\t\t<\/div>\n\t\t\t\t\t<\/div>\n\t\t<\/section>\n\t\t\t\t\t<\/div>\n\t\t<\/div>\n\t\t\t\t<div class=\"elementor-column elementor-col-50 elementor-top-column elementor-element elementor-element-679720b\" data-id=\"679720b\" data-element_type=\"column\" data-settings=\"{&quot;background_background&quot;:&quot;classic&quot;}\">\n\t\t\t<div class=\"elementor-widget-wrap elementor-element-populated\">\n\t\t\t\t\t\t<div class=\"elementor-element elementor-element-7e0e5c6 elementor-widget elementor-widget-manufaktursolutions_core_banner\" data-id=\"7e0e5c6\" data-element_type=\"widget\" data-widget_type=\"manufaktursolutions_core_banner.default\">\n\t\t\t\t<div class=\"elementor-widget-container\">\n\t\t\t<div class=\"qodef-shortcode qodef-m  qodef-banner qodef-layout--link-button qodef-skin--light qodef-enable-top-border--yes qodef-disable-line-break--yes \">\n\t<div class=\"qodef-m-image\">\n\t<img fetchpriority=\"high\" decoding=\"async\" width=\"1004\" height=\"768\" src=\"https:\/\/www.tls-geothermics.com\/wp-content\/uploads\/2024\/06\/geopulse.jpg\" class=\"attachment-full size-full\" alt=\"\" srcset=\"https:\/\/www.tls-geothermics.com\/wp-content\/uploads\/2024\/06\/geopulse.jpg 1004w, https:\/\/www.tls-geothermics.com\/wp-content\/uploads\/2024\/06\/geopulse-300x229.jpg 300w, https:\/\/www.tls-geothermics.com\/wp-content\/uploads\/2024\/06\/geopulse-768x587.jpg 768w\" sizes=\"(max-width: 1004px) 100vw, 1004px\" \/><\/div>\n\t<div class=\"qodef-m-content\">\n\t\t<div class=\"qodef-m-content-inner\">\n\t\t\t\t\t\t    <div class=\"qodef-m-title-wrapper\">\n        <h4 class=\"qodef-m-title\" style=\"margin-top: 2px\">\n         \tGEOPULSE        <\/h4>\n\t<\/div>\n\t\t\t\t\t\t\t<div class=\"qodef-m-button\">\n\t\t<a class=\"qodef-shortcode qodef-m  qodef-button qodef-layout--outlined qodef-size--small qodef-html--link\" href=\"https:\/\/www.tls-geothermics.com\/european-projects\/geopulse\/\" target=\"_self\"  style=\"margin: 7px 0px 12px 0px\">\t<span class=\"qodef-m-text\">Explorer le projet<\/span>    <span class=\"qodef-m-button-arrow-holder\" >        <svg class=\"qodef-svg--button-arrow\" xmlns=\"http:\/\/www.w3.org\/2000\/svg\" width=\"17.65\" height=\"13.1\"     viewBox=\"0 0 17.65 13.1\"><path d=\"m11.75 13.1-1.275-1.275L14.1 8.2l.85-.575-.1-.3-1.025.125H0V5.625h13.825l1.025.15.1-.3-.85-.575-3.625-3.625L11.75 0l5.9 5.9v1.3Z\"\/><path d=\"m11.75 13.1-1.275-1.275L14.1 8.2l.85-.575-.1-.3-1.025.125H0V5.625h13.825l1.025.15.1-.3-.85-.575-3.625-3.625L11.75 0l5.9 5.9v1.3Z\"\/><\/svg>    <\/span><\/a>\t<\/div>\n\t\t<\/div>\n\t<\/div>\n<\/div>\n\t\t<\/div>\n\t\t\t\t<\/div>\n\t\t\t\t<div class=\"elementor-element elementor-element-78dd917 elementor-widget elementor-widget-manufaktursolutions_core_banner\" data-id=\"78dd917\" data-element_type=\"widget\" data-widget_type=\"manufaktursolutions_core_banner.default\">\n\t\t\t\t<div class=\"elementor-widget-container\">\n\t\t\t<div class=\"qodef-shortcode qodef-m  qodef-banner qodef-layout--link-button qodef-skin--light qodef-enable-top-border--yes qodef-disable-line-break--yes \">\n\t<div class=\"qodef-m-image\">\n\t<img decoding=\"async\" width=\"2081\" height=\"1387\" src=\"https:\/\/www.tls-geothermics.com\/wp-content\/uploads\/2024\/09\/Roanne_Vue_du_CielCredit.png\" class=\"attachment-full size-full\" alt=\"\" srcset=\"https:\/\/www.tls-geothermics.com\/wp-content\/uploads\/2024\/09\/Roanne_Vue_du_CielCredit.png 2081w, https:\/\/www.tls-geothermics.com\/wp-content\/uploads\/2024\/09\/Roanne_Vue_du_CielCredit-300x200.png 300w, https:\/\/www.tls-geothermics.com\/wp-content\/uploads\/2024\/09\/Roanne_Vue_du_CielCredit-1024x683.png 1024w, https:\/\/www.tls-geothermics.com\/wp-content\/uploads\/2024\/09\/Roanne_Vue_du_CielCredit-768x512.png 768w, https:\/\/www.tls-geothermics.com\/wp-content\/uploads\/2024\/09\/Roanne_Vue_du_CielCredit-1536x1024.png 1536w, https:\/\/www.tls-geothermics.com\/wp-content\/uploads\/2024\/09\/Roanne_Vue_du_CielCredit-2048x1365.png 2048w\" sizes=\"(max-width: 2081px) 100vw, 2081px\" \/><\/div>\n\t<div class=\"qodef-m-content\">\n\t\t<div class=\"qodef-m-content-inner\">\n\t\t\t\t\t\t    <div class=\"qodef-m-title-wrapper\">\n        <h4 class=\"qodef-m-title\" style=\"margin-top: 2px\">\n         \tROANNAIS AGGLOM\u00c9RATION        <\/h4>\n\t<\/div>\n\t\t\t\t\t\t\t<div class=\"qodef-m-button\">\n\t\t<a class=\"qodef-shortcode qodef-m  qodef-button qodef-layout--outlined qodef-size--small qodef-html--link\" href=\"\" target=\"_self\"  style=\"margin: 7px 0px 12px 0px\">\t<span class=\"qodef-m-text\">D\u00e9tails \u00e0 venir<\/span>    <span class=\"qodef-m-button-arrow-holder\" >        <svg class=\"qodef-svg--button-arrow\" xmlns=\"http:\/\/www.w3.org\/2000\/svg\" width=\"17.65\" height=\"13.1\"     viewBox=\"0 0 17.65 13.1\"><path d=\"m11.75 13.1-1.275-1.275L14.1 8.2l.85-.575-.1-.3-1.025.125H0V5.625h13.825l1.025.15.1-.3-.85-.575-3.625-3.625L11.75 0l5.9 5.9v1.3Z\"\/><path d=\"m11.75 13.1-1.275-1.275L14.1 8.2l.85-.575-.1-.3-1.025.125H0V5.625h13.825l1.025.15.1-.3-.85-.575-3.625-3.625L11.75 0l5.9 5.9v1.3Z\"\/><\/svg>    <\/span><\/a>\t<\/div>\n\t\t<\/div>\n\t<\/div>\n<\/div>\n\t\t<\/div>\n\t\t\t\t<\/div>\n\t\t\t\t<div class=\"elementor-element elementor-element-596c3b5 elementor-widget elementor-widget-manufaktursolutions_core_banner\" data-id=\"596c3b5\" data-element_type=\"widget\" data-widget_type=\"manufaktursolutions_core_banner.default\">\n\t\t\t\t<div class=\"elementor-widget-container\">\n\t\t\t<div class=\"qodef-shortcode qodef-m  qodef-banner qodef-layout--link-button qodef-skin--light qodef-enable-top-border--yes qodef-disable-line-break--yes \">\n\t<div class=\"qodef-m-image\">\n\t<img decoding=\"async\" width=\"1661\" height=\"1067\" src=\"https:\/\/www.tls-geothermics.com\/wp-content\/uploads\/2024\/09\/Germany1Project23.png\" class=\"attachment-full size-full\" alt=\"\" srcset=\"https:\/\/www.tls-geothermics.com\/wp-content\/uploads\/2024\/09\/Germany1Project23.png 1661w, https:\/\/www.tls-geothermics.com\/wp-content\/uploads\/2024\/09\/Germany1Project23-300x193.png 300w, https:\/\/www.tls-geothermics.com\/wp-content\/uploads\/2024\/09\/Germany1Project23-1024x658.png 1024w, https:\/\/www.tls-geothermics.com\/wp-content\/uploads\/2024\/09\/Germany1Project23-768x493.png 768w, https:\/\/www.tls-geothermics.com\/wp-content\/uploads\/2024\/09\/Germany1Project23-1536x987.png 1536w\" sizes=\"(max-width: 1661px) 100vw, 1661px\" \/><\/div>\n\t<div class=\"qodef-m-content\">\n\t\t<div class=\"qodef-m-content-inner\">\n\t\t\t\t\t\t    <div class=\"qodef-m-title-wrapper\">\n        <h4 class=\"qodef-m-title\" style=\"margin-top: 2px\">\n         \tALLEMAGNE        <\/h4>\n\t<\/div>\n\t\t\t\t\t\t\t<div class=\"qodef-m-button\">\n\t\t<a class=\"qodef-shortcode qodef-m  qodef-button qodef-layout--outlined qodef-size--small qodef-html--link\" href=\"https:\/\/ostvogtland-waerme.de\/\" target=\"_self\"  style=\"margin: 7px 0px 12px 0px\">\t<span class=\"qodef-m-text\">Explorer le projet<\/span>    <span class=\"qodef-m-button-arrow-holder\" >        <svg class=\"qodef-svg--button-arrow\" xmlns=\"http:\/\/www.w3.org\/2000\/svg\" width=\"17.65\" height=\"13.1\"     viewBox=\"0 0 17.65 13.1\"><path d=\"m11.75 13.1-1.275-1.275L14.1 8.2l.85-.575-.1-.3-1.025.125H0V5.625h13.825l1.025.15.1-.3-.85-.575-3.625-3.625L11.75 0l5.9 5.9v1.3Z\"\/><path d=\"m11.75 13.1-1.275-1.275L14.1 8.2l.85-.575-.1-.3-1.025.125H0V5.625h13.825l1.025.15.1-.3-.85-.575-3.625-3.625L11.75 0l5.9 5.9v1.3Z\"\/><\/svg>    <\/span><\/a>\t<\/div>\n\t\t<\/div>\n\t<\/div>\n<\/div>\n\t\t<\/div>\n\t\t\t\t<\/div>\n\t\t\t\t\t<\/div>\n\t\t<\/div>\n\t\t\t\t\t<\/div>\n\t\t<\/section>\n\t\t\t\t<\/div>\n\t\t","protected":false},"excerpt":{"rendered":"<p>France et Allemagne PROJETS EUROP\u00c9ENS GEOPULSE Explorer le projet ROANNAIS AGGLOM\u00c9RATION D\u00e9tails \u00e0 venir ALLEMAGNE Explorer le projet<\/p>\n","protected":false},"author":2,"featured_media":11785,"parent":0,"menu_order":0,"comment_status":"closed","ping_status":"closed","template":"page-full-width.php","meta":{"footnotes":""},"class_list":["post-13104","page","type-page","status-publish","has-post-thumbnail","hentry"],"_links":{"self":[{"href":"https:\/\/www.tls-geothermics.com\/fr\/wp-json\/wp\/v2\/pages\/13104","targetHints":{"allow":["GET"]}}],"collection":[{"href":"https:\/\/www.tls-geothermics.com\/fr\/wp-json\/wp\/v2\/pages"}],"about":[{"href":"https:\/\/www.tls-geothermics.com\/fr\/wp-json\/wp\/v2\/types\/page"}],"author":[{"embeddable":true,"href":"https:\/\/www.tls-geothermics.com\/fr\/wp-json\/wp\/v2\/users\/2"}],"replies":[{"embeddable":true,"href":"https:\/\/www.tls-geothermics.com\/fr\/wp-json\/wp\/v2\/comments?post=13104"}],"version-history":[{"count":20,"href":"https:\/\/www.tls-geothermics.com\/fr\/wp-json\/wp\/v2\/pages\/13104\/revisions"}],"predecessor-version":[{"id":14288,"href":"https:\/\/www.tls-geothermics.com\/fr\/wp-json\/wp\/v2\/pages\/13104\/revisions\/14288"}],"wp:featuredmedia":[{"embeddable":true,"href":"https:\/\/www.tls-geothermics.com\/fr\/wp-json\/wp\/v2\/media\/11785"}],"wp:attachment":[{"href":"https:\/\/www.tls-geothermics.com\/fr\/wp-json\/wp\/v2\/media?parent=13104"}],"curies":[{"name":"wp","href":"https:\/\/api.w.org\/{rel}","templated":true}]}}