{"id":13124,"date":"2024-06-13T08:45:19","date_gmt":"2024-06-13T08:45:19","guid":{"rendered":"https:\/\/dev.tls-geothermics.com\/jipass-3d\/"},"modified":"2024-10-18T02:18:55","modified_gmt":"2024-10-18T02:18:55","slug":"jipass-3d","status":"publish","type":"page","link":"https:\/\/www.tls-geothermics.com\/fr\/jipass-3d\/","title":{"rendered":"JIPASS 3D"},"content":{"rendered":"\t\t<div data-elementor-type=\"wp-page\" data-elementor-id=\"13124\" class=\"elementor elementor-13124 elementor-9134\" data-elementor-post-type=\"page\">\n\t\t\t\t\t\t<section class=\"elementor-section elementor-top-section elementor-element elementor-element-a00d23f elementor-section-full_width elementor-section-height-min-height elementor-section-height-default elementor-section-items-middle qodef-elementor-content-no\" data-id=\"a00d23f\" data-element_type=\"section\" data-settings=\"{&quot;background_background&quot;:&quot;classic&quot;}\">\n\t\t\t\t\t\t\t<div class=\"elementor-background-overlay\"><\/div>\n\t\t\t\t\t\t\t<div class=\"elementor-container elementor-column-gap-default\">\n\t\t\t\t\t<div class=\"elementor-column elementor-col-50 elementor-top-column elementor-element elementor-element-7c2b2f5 elementor-hidden-tablet elementor-hidden-mobile\" data-id=\"7c2b2f5\" data-element_type=\"column\">\n\t\t\t<div class=\"elementor-widget-wrap elementor-element-populated\">\n\t\t\t\t\t\t<div class=\"elementor-element elementor-element-44f8ff3 elementor-widget elementor-widget-image\" data-id=\"44f8ff3\" data-element_type=\"widget\" data-widget_type=\"image.default\">\n\t\t\t\t<div class=\"elementor-widget-container\">\n\t\t\t<style>\/*! elementor - v3.23.0 - 05-08-2024 *\/\n.elementor-widget-image{text-align:center}.elementor-widget-image a{display:inline-block}.elementor-widget-image a img[src$=\".svg\"]{width:48px}.elementor-widget-image img{vertical-align:middle;display:inline-block}<\/style>\t\t\t\t\t\t\t\t\t\t<img fetchpriority=\"high\" decoding=\"async\" width=\"500\" height=\"500\" src=\"https:\/\/www.tls-geothermics.com\/wp-content\/uploads\/2024\/05\/Jipass.png\" class=\"attachment-large size-large wp-image-8736\" alt=\"\" srcset=\"https:\/\/www.tls-geothermics.com\/wp-content\/uploads\/2024\/05\/Jipass.png 500w, https:\/\/www.tls-geothermics.com\/wp-content\/uploads\/2024\/05\/Jipass-300x300.png 300w, https:\/\/www.tls-geothermics.com\/wp-content\/uploads\/2024\/05\/Jipass-150x150.png 150w\" sizes=\"(max-width: 500px) 100vw, 500px\" \/>\t\t\t\t\t\t\t\t\t\t\t\t\t<\/div>\n\t\t\t\t<\/div>\n\t\t\t\t\t<\/div>\n\t\t<\/div>\n\t\t\t\t<div class=\"elementor-column elementor-col-50 elementor-top-column elementor-element elementor-element-005df07\" data-id=\"005df07\" data-element_type=\"column\">\n\t\t\t<div class=\"elementor-widget-wrap elementor-element-populated\">\n\t\t\t\t\t\t<div class=\"elementor-element elementor-element-70f1366 elementor-widget__width-auto elementor-widget elementor-widget-manufaktursolutions_core_section_title\" data-id=\"70f1366\" data-element_type=\"widget\" data-widget_type=\"manufaktursolutions_core_section_title.default\">\n\t\t\t\t<div class=\"elementor-widget-container\">\n\t\t\t<div class=\"qodef-shortcode qodef-m  qodef-section-title qodef-alignment--left   \">\n\t\t<p class=\"qodef-m-highlight-text\" style=\"color: #F1EBEB;margin-bottom: 10px\">Mod\u00e8les g\u00e9ophysiques 3D<\/p>\n\t\t\t<\/div>\n\t\t<\/div>\n\t\t\t\t<\/div>\n\t\t\t\t<div class=\"elementor-element elementor-element-cfdfab7 elementor-widget elementor-widget-manufaktursolutions_core_custom_font\" data-id=\"cfdfab7\" data-element_type=\"widget\" data-widget_type=\"manufaktursolutions_core_custom_font.default\">\n\t\t\t\t<div class=\"elementor-widget-container\">\n\t\t\t<h1 class=\"qodef-shortcode qodef-m  qodef-custom-font qodef-custom-font-12 qodef-layout--simple\" style=\"color: #FFFFFF;font-size: 120px;letter-spacing: -0.01em;text-transform: capitalize\">JIPASS <span class=\"qodef-highlight-title\">3D<\/span><\/h1>\n\t\t<\/div>\n\t\t\t\t<\/div>\n\t\t<div class=\"elementor-element elementor-element-2165d53 e-con-full e-flex e-con e-parent\" data-id=\"2165d53\" data-element_type=\"container\">\n\t\t\t\t<div class=\"elementor-element elementor-element-82e574d elementor-widget elementor-widget-text-editor\" data-id=\"82e574d\" data-element_type=\"widget\" data-widget_type=\"text-editor.default\">\n\t\t\t\t<div class=\"elementor-widget-container\">\n\t\t\t<style>\/*! elementor - v3.23.0 - 05-08-2024 *\/\n.elementor-widget-text-editor.elementor-drop-cap-view-stacked .elementor-drop-cap{background-color:#69727d;color:#fff}.elementor-widget-text-editor.elementor-drop-cap-view-framed .elementor-drop-cap{color:#69727d;border:3px solid;background-color:transparent}.elementor-widget-text-editor:not(.elementor-drop-cap-view-default) .elementor-drop-cap{margin-top:8px}.elementor-widget-text-editor:not(.elementor-drop-cap-view-default) .elementor-drop-cap-letter{width:1em;height:1em}.elementor-widget-text-editor .elementor-drop-cap{float:left;text-align:center;line-height:1;font-size:50px}.elementor-widget-text-editor .elementor-drop-cap-letter{display:inline-block}<\/style>\t\t\t\t<p class=\"p1\">JIPASS3D est un outil d&rsquo;inversion conjointe g\u00e9ophysique, unique dans l&rsquo;industrie g\u00e9othermique d\u00e9velopp\u00e9 par TLS Geothermics, IMAGIR et UBO. L&rsquo;algorithme int\u00e8gre trois ensembles de donn\u00e9es d&rsquo;exploration distincts pour mieux contraindre chaque m\u00e9thode (tels que la r\u00e9solution, les sensibilit\u00e9s, les incertitudes) et offre une vue plus contrainte et plus compl\u00e8te de ce qui se trouve sous la surface. <\/p>\n\t\t\t\t\t\t<\/div>\n\t\t\t\t<\/div>\n\t\t\t\t<\/div>\n\t\t\t\t\t<\/div>\n\t\t<\/div>\n\t\t\t\t\t<\/div>\n\t\t<\/section>\n\t\t\t\t<section class=\"elementor-section elementor-top-section elementor-element elementor-element-3107a6b elementor-section-full_width qodef-elementor-content-grid elementor-section-height-default elementor-section-height-default\" data-id=\"3107a6b\" data-element_type=\"section\" data-settings=\"{&quot;background_background&quot;:&quot;classic&quot;}\">\n\t\t\t\t\t\t<div class=\"elementor-container elementor-column-gap-default\">\n\t\t\t\t\t<div class=\"elementor-column elementor-col-50 elementor-top-column elementor-element elementor-element-17bbd31 qodef-dark-bullet\" data-id=\"17bbd31\" data-element_type=\"column\">\n\t\t\t<div class=\"elementor-widget-wrap elementor-element-populated\">\n\t\t\t\t\t\t<div class=\"elementor-element elementor-element-6338ac0 elementor-widget elementor-widget-manufaktursolutions_core_section_title\" data-id=\"6338ac0\" data-element_type=\"widget\" data-widget_type=\"manufaktursolutions_core_section_title.default\">\n\t\t\t\t<div class=\"elementor-widget-container\">\n\t\t\t<div class=\"qodef-shortcode qodef-m  qodef-section-title qodef-alignment--left qodef-title-break--disabled  \">\n\t\t<p class=\"qodef-m-highlight-text\" style=\"margin-bottom: 5px\">Mod\u00e8le VS<\/p>\n\t\t<h4 class=\"qodef-m-title\" style=\"color: #E1E1E1\">\n\t\t\t\t\tM\u00c9THODE DE TOMOGRAPHIE<br \/> de Bruit Ambiant\t\t\t<\/h4>\n\t\t<\/div>\n\t\t<\/div>\n\t\t\t\t<\/div>\n\t\t\t\t<div class=\"elementor-element elementor-element-dbca48b elementor-widget elementor-widget-text-editor\" data-id=\"dbca48b\" data-element_type=\"widget\" data-widget_type=\"text-editor.default\">\n\t\t\t\t<div class=\"elementor-widget-container\">\n\t\t\t\t\t\t\t<ul>\n<li>M\u00e9thode g\u00e9ophysique passive utilisant le bruit sismique ambiant pour \u00e9tudier la structure interne de la Terre. En corr\u00e9lant les enregistrements de deux capteurs et en traitant l&rsquo;un d&rsquo;eux comme une source \u00ab\u00a0virtuelle\u00a0\u00bb, la r\u00e9ponse du milieu entre les deux stations est reconstruite. <\/li>\n<\/ul>\n\t\t\t\t\t\t<\/div>\n\t\t\t\t<\/div>\n\t\t\t\t<div class=\"elementor-element elementor-element-eb1f830 elementor-widget elementor-widget-manufaktursolutions_core_section_title\" data-id=\"eb1f830\" data-element_type=\"widget\" data-widget_type=\"manufaktursolutions_core_section_title.default\">\n\t\t\t\t<div class=\"elementor-widget-container\">\n\t\t\t<div class=\"qodef-shortcode qodef-m  qodef-section-title qodef-alignment--left qodef-title-break--disabled  \">\n\t\t<p class=\"qodef-m-highlight-text\" style=\"margin-bottom: 5px\">Mod\u00e8le de r\u00e9sistivit\u00e9<\/p>\n\t\t<h4 class=\"qodef-m-title\" style=\"color: #E1E1E1\">\n\t\t\t\t\tM\u00e9thode magn\u00e9totellurique\t\t\t<\/h4>\n\t\t<\/div>\n\t\t<\/div>\n\t\t\t\t<\/div>\n\t\t\t\t<div class=\"elementor-element elementor-element-7b9a29c elementor-widget elementor-widget-text-editor\" data-id=\"7b9a29c\" data-element_type=\"widget\" data-widget_type=\"text-editor.default\">\n\t\t\t\t<div class=\"elementor-widget-container\">\n\t\t\t\t\t\t\t<ul>\n<li class=\"cvGsUA direction-ltr align-center para-style-body\"><span class=\"OYPEnA text-decoration-none text-strikethrough-none\">M\u00e9thode g\u00e9ophysique passive qui utilise les variations temporelles naturelles du champ magn\u00e9tique terrestre pour caract\u00e9riser la r\u00e9sistivit\u00e9 \u00e9lectrique du sous-sol. <\/span><span class=\"OYPEnA text-decoration-none text-strikethrough-none\">les variations temporelles naturelles du champ magn\u00e9tique terrestre pour <span style=\"font-weight: 400;\">caract\u00e9riser la <\/span>r\u00e9sistivit\u00e9 \u00e9lectrique du sous-sol.<\/span><\/li>\n<\/ul>\n\t\t\t\t\t\t<\/div>\n\t\t\t\t<\/div>\n\t\t\t\t<div class=\"elementor-element elementor-element-4f53c7a elementor-widget elementor-widget-manufaktursolutions_core_section_title\" data-id=\"4f53c7a\" data-element_type=\"widget\" data-widget_type=\"manufaktursolutions_core_section_title.default\">\n\t\t\t\t<div class=\"elementor-widget-container\">\n\t\t\t<div class=\"qodef-shortcode qodef-m  qodef-section-title qodef-alignment--left qodef-title-break--disabled  \">\n\t\t<p class=\"qodef-m-highlight-text\" style=\"margin-bottom: 5px\">Mod\u00e8le de densit\u00e9<\/p>\n\t\t<h4 class=\"qodef-m-title\" style=\"color: #E1E1E1\">\n\t\t\t\t\tM\u00e9thode gravim\u00e9trique\t\t\t<\/h4>\n\t\t<\/div>\n\t\t<\/div>\n\t\t\t\t<\/div>\n\t\t\t\t<div class=\"elementor-element elementor-element-e1347d0 elementor-widget elementor-widget-text-editor\" data-id=\"e1347d0\" data-element_type=\"widget\" data-widget_type=\"text-editor.default\">\n\t\t\t\t<div class=\"elementor-widget-container\">\n\t\t\t\t\t\t\t<ul>\n<li class=\"cvGsUA direction-ltr align-center para-style-body\"><span class=\"OYPEnA text-decoration-none text-strikethrough-none\">M\u00e9thode g\u00e9ophysique potentielle qui utilise <\/span><span class=\"OYPEnA text-decoration-none text-strikethrough-none\">des mesures de champ de gravitation pour obtenir <\/span><span class=\"OYPEnA text-decoration-none text-strikethrough-none\">des informations sur la variation de la masse \u00e0 diff\u00e9rentes profondeurs.<\/span><\/li>\n<\/ul>\n\t\t\t\t\t\t<\/div>\n\t\t\t\t<\/div>\n\t\t\t\t\t<\/div>\n\t\t<\/div>\n\t\t\t\t<div class=\"elementor-column elementor-col-50 elementor-top-column elementor-element elementor-element-c58c33d\" data-id=\"c58c33d\" data-element_type=\"column\">\n\t\t\t<div class=\"elementor-widget-wrap elementor-element-populated\">\n\t\t\t\t\t\t<div class=\"elementor-element elementor-element-d57219c elementor-widget__width-initial elementor-widget elementor-widget-image\" data-id=\"d57219c\" data-element_type=\"widget\" data-widget_type=\"image.default\">\n\t\t\t\t<div class=\"elementor-widget-container\">\n\t\t\t\t\t\t\t\t\t\t\t\t\t<img decoding=\"async\" width=\"2465\" height=\"1860\" src=\"https:\/\/www.tls-geothermics.com\/wp-content\/uploads\/2024\/06\/jipass3d-diagram.png\" class=\"attachment-full size-full wp-image-9338\" alt=\"\" srcset=\"https:\/\/www.tls-geothermics.com\/wp-content\/uploads\/2024\/06\/jipass3d-diagram.png 2465w, https:\/\/www.tls-geothermics.com\/wp-content\/uploads\/2024\/06\/jipass3d-diagram-300x226.png 300w, https:\/\/www.tls-geothermics.com\/wp-content\/uploads\/2024\/06\/jipass3d-diagram-1024x773.png 1024w, https:\/\/www.tls-geothermics.com\/wp-content\/uploads\/2024\/06\/jipass3d-diagram-768x580.png 768w, https:\/\/www.tls-geothermics.com\/wp-content\/uploads\/2024\/06\/jipass3d-diagram-1536x1159.png 1536w, https:\/\/www.tls-geothermics.com\/wp-content\/uploads\/2024\/06\/jipass3d-diagram-2048x1545.png 2048w\" sizes=\"(max-width: 2465px) 100vw, 2465px\" \/>\t\t\t\t\t\t\t\t\t\t\t\t\t<\/div>\n\t\t\t\t<\/div>\n\t\t\t\t\t<\/div>\n\t\t<\/div>\n\t\t\t\t\t<\/div>\n\t\t<\/section>\n\t\t\t\t<\/div>\n\t\t","protected":false},"excerpt":{"rendered":"<p>Mod\u00e8les g\u00e9ophysiques 3D JIPASS 3D JIPASS3D est un outil d&rsquo;inversion conjointe g\u00e9ophysique, unique dans l&rsquo;industrie g\u00e9othermique d\u00e9velopp\u00e9 par TLS Geothermics, IMAGIR et UBO. L&rsquo;algorithme int\u00e8gre trois ensembles de donn\u00e9es d&rsquo;exploration distincts pour mieux contraindre chaque m\u00e9thode (tels que la r\u00e9solution, les sensibilit\u00e9s, les incertitudes) et offre une vue plus contrainte et plus compl\u00e8te de ce [&hellip;]<\/p>\n","protected":false},"author":2,"featured_media":0,"parent":0,"menu_order":0,"comment_status":"closed","ping_status":"closed","template":"page-full-width.php","meta":{"footnotes":""},"class_list":["post-13124","page","type-page","status-publish","hentry"],"_links":{"self":[{"href":"https:\/\/www.tls-geothermics.com\/fr\/wp-json\/wp\/v2\/pages\/13124","targetHints":{"allow":["GET"]}}],"collection":[{"href":"https:\/\/www.tls-geothermics.com\/fr\/wp-json\/wp\/v2\/pages"}],"about":[{"href":"https:\/\/www.tls-geothermics.com\/fr\/wp-json\/wp\/v2\/types\/page"}],"author":[{"embeddable":true,"href":"https:\/\/www.tls-geothermics.com\/fr\/wp-json\/wp\/v2\/users\/2"}],"replies":[{"embeddable":true,"href":"https:\/\/www.tls-geothermics.com\/fr\/wp-json\/wp\/v2\/comments?post=13124"}],"version-history":[{"count":4,"href":"https:\/\/www.tls-geothermics.com\/fr\/wp-json\/wp\/v2\/pages\/13124\/revisions"}],"predecessor-version":[{"id":13775,"href":"https:\/\/www.tls-geothermics.com\/fr\/wp-json\/wp\/v2\/pages\/13124\/revisions\/13775"}],"wp:attachment":[{"href":"https:\/\/www.tls-geothermics.com\/fr\/wp-json\/wp\/v2\/media?parent=13124"}],"curies":[{"name":"wp","href":"https:\/\/api.w.org\/{rel}","templated":true}]}}