{"id":13198,"date":"2024-06-10T20:07:08","date_gmt":"2024-06-10T20:07:08","guid":{"rendered":"https:\/\/dev.tls-geothermics.com\/exploration-hydrothermale\/"},"modified":"2024-10-04T16:44:22","modified_gmt":"2024-10-04T16:44:22","slug":"exploration-hydrothermale","status":"publish","type":"page","link":"https:\/\/www.tls-geothermics.com\/fr\/exploration-hydrothermale\/","title":{"rendered":"Exploration hydrothermale"},"content":{"rendered":"\t\t<div data-elementor-type=\"wp-page\" data-elementor-id=\"13198\" class=\"elementor elementor-13198 elementor-9020\" data-elementor-post-type=\"page\">\n\t\t\t\t\t\t<section class=\"elementor-section elementor-top-section elementor-element elementor-element-8ab5842 elementor-section-full_width qodef-elementor-content-grid elementor-section-height-default elementor-section-height-default\" data-id=\"8ab5842\" data-element_type=\"section\" data-settings=\"{&quot;background_background&quot;:&quot;classic&quot;}\">\n\t\t\t\t\t\t\t<div class=\"elementor-background-overlay\"><\/div>\n\t\t\t\t\t\t\t<div class=\"elementor-container elementor-column-gap-default\">\n\t\t\t\t\t<div class=\"elementor-column elementor-col-100 elementor-top-column elementor-element elementor-element-21a0e6d\" data-id=\"21a0e6d\" data-element_type=\"column\">\n\t\t\t<div class=\"elementor-widget-wrap elementor-element-populated\">\n\t\t\t\t\t\t<div class=\"elementor-element elementor-element-944df47 elementor-widget elementor-widget-manufaktursolutions_core_section_title\" data-id=\"944df47\" data-element_type=\"widget\" data-widget_type=\"manufaktursolutions_core_section_title.default\">\n\t\t\t\t<div class=\"elementor-widget-container\">\n\t\t\t<div class=\"qodef-shortcode qodef-m  qodef-section-title qodef-alignment--left   \">\n\t\t<p class=\"qodef-m-highlight-text\" style=\"color: #FFFFFF;margin-bottom: 25px\">Explorer l&#039;hydrothermie<\/p>\n\t\t<h1 class=\"qodef-m-title\" style=\"color: #FFFFFF\">\n\t\t\t\t\tL'importance de<br \/> l'hydrothermie\t\t\t<\/h1>\n\t\t\t<p class=\"qodef-m-text\" style=\"color: #FFFFFF\">\u00c9nergie in\u00e9puisable - Ressource renouvelable - Ind\u00e9pendant du climat<\/p>\n<\/div>\n\t\t<\/div>\n\t\t\t\t<\/div>\n\t\t\t\t\t<\/div>\n\t\t<\/div>\n\t\t\t\t\t<\/div>\n\t\t<\/section>\n\t\t<div class=\"elementor-element elementor-element-588ef3ab e-con-full e-flex e-con e-parent\" data-id=\"588ef3ab\" data-element_type=\"container\" data-settings=\"{&quot;background_background&quot;:&quot;classic&quot;}\">\n\t\t<div class=\"elementor-element elementor-element-3ff19449 e-con-full e-flex e-con e-child\" data-id=\"3ff19449\" data-element_type=\"container\">\n\t\t\t\t<div class=\"elementor-element elementor-element-f0a73ad animated-slow elementor-invisible elementor-widget elementor-widget-heading\" data-id=\"f0a73ad\" data-element_type=\"widget\" data-settings=\"{&quot;_animation&quot;:&quot;slideInUp&quot;}\" data-widget_type=\"heading.default\">\n\t\t\t\t<div class=\"elementor-widget-container\">\n\t\t\t<style>\/*! elementor - v3.23.0 - 05-08-2024 *\/\n.elementor-heading-title{padding:0;margin:0;line-height:1}.elementor-widget-heading .elementor-heading-title[class*=elementor-size-]>a{color:inherit;font-size:inherit;line-height:inherit}.elementor-widget-heading .elementor-heading-title.elementor-size-small{font-size:15px}.elementor-widget-heading .elementor-heading-title.elementor-size-medium{font-size:19px}.elementor-widget-heading .elementor-heading-title.elementor-size-large{font-size:29px}.elementor-widget-heading .elementor-heading-title.elementor-size-xl{font-size:39px}.elementor-widget-heading .elementor-heading-title.elementor-size-xxl{font-size:59px}<\/style><h2 class=\"elementor-heading-title elementor-size-default\">Vaste chaleur<\/h2>\t\t<\/div>\n\t\t\t\t<\/div>\n\t\t\t\t<div class=\"elementor-element elementor-element-b51fa8b animated-slow elementor-invisible elementor-widget elementor-widget-heading\" data-id=\"b51fa8b\" data-element_type=\"widget\" data-settings=\"{&quot;_animation&quot;:&quot;slideInUp&quot;}\" data-widget_type=\"heading.default\">\n\t\t\t\t<div class=\"elementor-widget-container\">\n\t\t\t<h2 class=\"elementor-heading-title elementor-size-default\">Vaste fluide<\/h2>\t\t<\/div>\n\t\t\t\t<\/div>\n\t\t\t\t<div class=\"elementor-element elementor-element-3caaba06 animated-slow elementor-invisible elementor-widget elementor-widget-heading\" data-id=\"3caaba06\" data-element_type=\"widget\" data-settings=\"{&quot;_animation&quot;:&quot;slideInUp&quot;}\" data-widget_type=\"heading.default\">\n\t\t\t\t<div class=\"elementor-widget-container\">\n\t\t\t<h2 class=\"elementor-heading-title elementor-size-default\">vaste production<\/h2>\t\t<\/div>\n\t\t\t\t<\/div>\n\t\t\t\t<div class=\"elementor-element elementor-element-a189688 elementor-widget elementor-widget-text-editor\" data-id=\"a189688\" data-element_type=\"widget\" data-widget_type=\"text-editor.default\">\n\t\t\t\t<div class=\"elementor-widget-container\">\n\t\t\t<style>\/*! elementor - v3.23.0 - 05-08-2024 *\/\n.elementor-widget-text-editor.elementor-drop-cap-view-stacked .elementor-drop-cap{background-color:#69727d;color:#fff}.elementor-widget-text-editor.elementor-drop-cap-view-framed .elementor-drop-cap{color:#69727d;border:3px solid;background-color:transparent}.elementor-widget-text-editor:not(.elementor-drop-cap-view-default) .elementor-drop-cap{margin-top:8px}.elementor-widget-text-editor:not(.elementor-drop-cap-view-default) .elementor-drop-cap-letter{width:1em;height:1em}.elementor-widget-text-editor .elementor-drop-cap{float:left;text-align:center;line-height:1;font-size:50px}.elementor-widget-text-editor .elementor-drop-cap-letter{display:inline-block}<\/style>\t\t\t\t<p>Les ressources \u00e0 temp\u00e9rature plus \u00e9lev\u00e9e g\u00e9n\u00e8rent plus d&rsquo;\u00e9lectricit\u00e9 par unit\u00e9 de fluide extrait, ce qui am\u00e9liore l&rsquo;efficacit\u00e9 globale et le rendement \u00e9conomique du syst\u00e8me g\u00e9othermique.<\/p>\n\t\t\t\t\t\t<\/div>\n\t\t\t\t<\/div>\n\t\t\t\t<\/div>\n\t\t<div class=\"elementor-element elementor-element-5c7429b1 e-con-full e-flex e-con e-child\" data-id=\"5c7429b1\" data-element_type=\"container\">\n\t\t\t\t<div class=\"elementor-element elementor-element-106c8137 elementor-widget__width-initial elementor-widget elementor-widget-image\" data-id=\"106c8137\" data-element_type=\"widget\" data-widget_type=\"image.default\">\n\t\t\t\t<div class=\"elementor-widget-container\">\n\t\t\t<style>\/*! elementor - v3.23.0 - 05-08-2024 *\/\n.elementor-widget-image{text-align:center}.elementor-widget-image a{display:inline-block}.elementor-widget-image a img[src$=\".svg\"]{width:48px}.elementor-widget-image img{vertical-align:middle;display:inline-block}<\/style>\t\t\t\t\t\t\t\t\t\t<img fetchpriority=\"high\" decoding=\"async\" width=\"1024\" height=\"717\" src=\"https:\/\/www.tls-geothermics.com\/wp-content\/uploads\/2024\/06\/photo-1485724745104-ae0f55940bc1.avif\" class=\"attachment-large size-large wp-image-9025\" alt=\"\" \/>\t\t\t\t\t\t\t\t\t\t\t\t\t<\/div>\n\t\t\t\t<\/div>\n\t\t\t\t<div class=\"elementor-element elementor-element-4a36713b elementor-widget__width-initial elementor-widget elementor-widget-image\" data-id=\"4a36713b\" data-element_type=\"widget\" data-widget_type=\"image.default\">\n\t\t\t\t<div class=\"elementor-widget-container\">\n\t\t\t\t\t\t\t\t\t\t\t\t\t<img decoding=\"async\" width=\"849\" height=\"1024\" src=\"https:\/\/www.tls-geothermics.com\/wp-content\/uploads\/2024\/06\/8-849x1024.jpg\" class=\"attachment-large size-large wp-image-9026\" alt=\"\" srcset=\"https:\/\/www.tls-geothermics.com\/wp-content\/uploads\/2024\/06\/8-849x1024.jpg 849w, https:\/\/www.tls-geothermics.com\/wp-content\/uploads\/2024\/06\/8-249x300.jpg 249w, https:\/\/www.tls-geothermics.com\/wp-content\/uploads\/2024\/06\/8-768x926.jpg 768w, https:\/\/www.tls-geothermics.com\/wp-content\/uploads\/2024\/06\/8.jpg 999w\" sizes=\"(max-width: 849px) 100vw, 849px\" \/>\t\t\t\t\t\t\t\t\t\t\t\t\t<\/div>\n\t\t\t\t<\/div>\n\t\t\t\t<\/div>\n\t\t\t\t<\/div>\n\t\t\t\t<section class=\"elementor-section elementor-top-section elementor-element elementor-element-3ad3af9c elementor-section-full_width qodef-elementor-content-grid elementor-section-height-default elementor-section-height-default\" data-id=\"3ad3af9c\" data-element_type=\"section\" data-settings=\"{&quot;background_background&quot;:&quot;classic&quot;}\">\n\t\t\t\t\t\t<div class=\"elementor-container elementor-column-gap-default\">\n\t\t\t\t\t<div class=\"elementor-column elementor-col-50 elementor-top-column elementor-element elementor-element-26f3374c\" data-id=\"26f3374c\" data-element_type=\"column\">\n\t\t\t<div class=\"elementor-widget-wrap elementor-element-populated\">\n\t\t\t\t\t\t<div class=\"elementor-element elementor-element-69efd9de elementor-widget elementor-widget-manufaktursolutions_core_section_title\" data-id=\"69efd9de\" data-element_type=\"widget\" data-widget_type=\"manufaktursolutions_core_section_title.default\">\n\t\t\t\t<div class=\"elementor-widget-container\">\n\t\t\t<div class=\"qodef-shortcode qodef-m  qodef-section-title qodef-alignment--left qodef-title-break--disabled  \">\n\t\t<p class=\"qodef-m-highlight-text\" style=\"margin-bottom: 32px\">hydrothermale  <\/p>\n\t\t<h2 class=\"qodef-m-title\" style=\"color: #294359\">\n\t\t\t\t\tcomprendre la taille<br \/>\t\t\t<\/h2>\n\t\t<\/div>\n\t\t<\/div>\n\t\t\t\t<\/div>\n\t\t\t\t<div class=\"elementor-element elementor-element-de2d3d8 elementor-widget elementor-widget-text-editor\" data-id=\"de2d3d8\" data-element_type=\"widget\" data-widget_type=\"text-editor.default\">\n\t\t\t\t<div class=\"elementor-widget-container\">\n\t\t\t\t\t\t\t<p>La quantit\u00e9 d&rsquo;eau contenue dans le sol ou dans les pores des roches est plus importante que celle contenue dans les calottes glaciaires et les glaciers.<\/p>\n\t\t\t\t\t\t<\/div>\n\t\t\t\t<\/div>\n\t\t\t\t\t<\/div>\n\t\t<\/div>\n\t\t\t\t<div class=\"elementor-column elementor-col-50 elementor-top-column elementor-element elementor-element-34da4bc5 elementor-hidden-tablet elementor-hidden-mobile\" data-id=\"34da4bc5\" data-element_type=\"column\">\n\t\t\t<div class=\"elementor-widget-wrap\">\n\t\t\t\t\t\t\t<\/div>\n\t\t<\/div>\n\t\t\t\t\t<\/div>\n\t\t<\/section>\n\t\t<div class=\"elementor-element elementor-element-0ae518c e-flex e-con-boxed e-con e-parent\" data-id=\"0ae518c\" data-element_type=\"container\">\n\t\t\t\t\t<div class=\"e-con-inner\">\n\t\t\t\t<div class=\"elementor-element elementor-element-12fc497 elementor-widget elementor-widget-qi_addons_for_elementor_charts\" data-id=\"12fc497\" data-element_type=\"widget\" data-widget_type=\"qi_addons_for_elementor_charts.default\">\n\t\t\t\t<div class=\"elementor-widget-container\">\n\t\t\t<div class=\"qodef-shortcode qodef-m  qodef-qi-charts qodef-chart-alignment--center\" data-values=\"[23,2,75]\" data-labels=\"[&quot;R\\u00e9servoir d&#039;eau crustale&quot;,&quot;Lacs&quot;,&quot;Oc\\u00e9ans&quot;]\" data-pattern-images=\"[&quot;&quot;,&quot;&quot;,&quot;&quot;]\" data-background-colors=\"[&quot;#969696&quot;,&quot;#5488B4&quot;,&quot;#294359&quot;]\" data-hover-background-colors=\"[&quot;#FE5201&quot;,&quot;#FE5201&quot;,&quot;#FE5201&quot;]\" data-border-colors=\"[&quot;#fff&quot;,&quot;#fff&quot;,&quot;#fff&quot;]\" data-hover-border-colors=\"[&quot;#fff&quot;,&quot;#fff&quot;,&quot;#fff&quot;]\"   data-type=\"true\" data-aspect-ratio=\"1\" data-enable-legend=\"false\" data-legend-position=\"left\" data-legend-alignment=\"start\"      data-legend-label-font-size=\"1\" >\n\t<div class=\"qodef-m-inner\">\n\t\t<div class=\"qodef-m-canvas-holder\">\n\t\t\t<div class=\"qodef-m-canvas\">\n\t\t\t\t<canvas><\/canvas>\n\t\t\t<\/div>\n\t\t<\/div>\n\t\t\t\t\t<\/div>\n<\/div>\n\t\t<\/div>\n\t\t\t\t<\/div>\n\t\t\t\t\t<\/div>\n\t\t\t\t<\/div>\n\t\t<div class=\"elementor-element elementor-element-37a15d87 e-con-full e-flex e-con e-parent\" data-id=\"37a15d87\" data-element_type=\"container\" data-settings=\"{&quot;background_background&quot;:&quot;classic&quot;}\">\n\t\t<div class=\"elementor-element elementor-element-b31db0e e-con-full e-flex e-con e-child\" data-id=\"b31db0e\" data-element_type=\"container\">\n\t\t<div class=\"elementor-element elementor-element-79f5a1fe animated-slow e-con-full e-flex elementor-invisible e-con e-child\" data-id=\"79f5a1fe\" data-element_type=\"container\" data-settings=\"{&quot;background_background&quot;:&quot;classic&quot;,&quot;animation&quot;:&quot;fadeInUp&quot;,&quot;animation_delay&quot;:600}\">\n\t\t\t\t<\/div>\n\t\t<div class=\"elementor-element elementor-element-44235e4b e-con-full e-flex e-con e-child\" data-id=\"44235e4b\" data-element_type=\"container\">\n\t\t\t\t<div class=\"elementor-element elementor-element-f9f0a96 elementor-widget elementor-widget-heading\" data-id=\"f9f0a96\" data-element_type=\"widget\" data-widget_type=\"heading.default\">\n\t\t\t\t<div class=\"elementor-widget-container\">\n\t\t\t<h3 class=\"elementor-heading-title elementor-size-default\">l'allongement de la dur\u00e9e de vie des plantes<\/h3>\t\t<\/div>\n\t\t\t\t<\/div>\n\t\t\t\t<div class=\"elementor-element elementor-element-c1cf991 elementor-widget elementor-widget-text-editor\" data-id=\"c1cf991\" data-element_type=\"widget\" data-widget_type=\"text-editor.default\">\n\t\t\t\t<div class=\"elementor-widget-container\">\n\t\t\t\t\t\t\t<p>  Nos ressources hydrothermales se r\u00e9g\u00e9n\u00e8rent gr\u00e2ce \u00e0 des processus naturels.<br \/>\nEn comprenant et en g\u00e9rant cette dynamique, TLS maintient la productivit\u00e9 de nos r\u00e9servoirs g\u00e9othermiques \u00e0 perp\u00e9tuit\u00e9, am\u00e9liorant ainsi la viabilit\u00e9 \u00e9conomique de nos investissements. <\/p>\n\t\t\t\t\t\t<\/div>\n\t\t\t\t<\/div>\n\t\t\t\t<\/div>\n\t\t\t\t<\/div>\n\t\t<div class=\"elementor-element elementor-element-db7b063 e-con-full e-flex e-con e-child\" data-id=\"db7b063\" data-element_type=\"container\">\n\t\t<div class=\"elementor-element elementor-element-9ec22d4 e-con-full e-flex e-con e-child\" data-id=\"9ec22d4\" data-element_type=\"container\">\n\t\t\t\t<div class=\"elementor-element elementor-element-6a6c243 elementor-widget elementor-widget-heading\" data-id=\"6a6c243\" data-element_type=\"widget\" data-widget_type=\"heading.default\">\n\t\t\t\t<div class=\"elementor-widget-container\">\n\t\t\t<h3 class=\"elementor-heading-title elementor-size-default\">demi-vie des isotopes radioactifs<\/h3>\t\t<\/div>\n\t\t\t\t<\/div>\n\t\t\t\t<div class=\"elementor-element elementor-element-5c9f767 elementor-widget elementor-widget-text-editor\" data-id=\"5c9f767\" data-element_type=\"widget\" data-widget_type=\"text-editor.default\">\n\t\t\t\t<div class=\"elementor-widget-container\">\n\t\t\t\t\t\t\t<p>La chaleur \u00e0 l&rsquo;int\u00e9rieur de la Terre est en grande partie g\u00e9n\u00e9r\u00e9e par la d\u00e9sint\u00e9gration d&rsquo;isotopes radioactifs tels que l&rsquo;uranium 238, l&rsquo;uranium 235, le thorium 232 et le potassium 40, qui continueront \u00e0 se d\u00e9sint\u00e9grer pendant des millions d&rsquo;ann\u00e9es.<\/p>\n\t\t\t\t\t\t<\/div>\n\t\t\t\t<\/div>\n\t\t\t\t<\/div>\n\t\t<div class=\"elementor-element elementor-element-e3160f8 animated-slow e-con-full e-flex elementor-invisible e-con e-child\" data-id=\"e3160f8\" data-element_type=\"container\" data-settings=\"{&quot;background_background&quot;:&quot;classic&quot;,&quot;animation&quot;:&quot;fadeInUp&quot;,&quot;animation_delay&quot;:600}\">\n\t\t\t\t<\/div>\n\t\t\t\t<\/div>\n\t\t\t\t<\/div>\n\t\t\t\t<\/div>\n\t\t","protected":false},"excerpt":{"rendered":"<p>Explorer l&#039;hydrothermie L&rsquo;importance de l&rsquo;hydrothermie \u00c9nergie in\u00e9puisable &#8211; Ressource renouvelable &#8211; Ind\u00e9pendant du climat Vaste chaleur Vaste fluide vaste production Les ressources \u00e0 temp\u00e9rature plus \u00e9lev\u00e9e g\u00e9n\u00e8rent plus d&rsquo;\u00e9lectricit\u00e9 par unit\u00e9 de fluide extrait, ce qui am\u00e9liore l&rsquo;efficacit\u00e9 globale et le rendement \u00e9conomique du syst\u00e8me g\u00e9othermique. hydrothermale comprendre la taille La quantit\u00e9 d&rsquo;eau contenue dans [&hellip;]<\/p>\n","protected":false},"author":2,"featured_media":0,"parent":0,"menu_order":0,"comment_status":"closed","ping_status":"closed","template":"page-full-width.php","meta":{"footnotes":""},"class_list":["post-13198","page","type-page","status-publish","hentry"],"_links":{"self":[{"href":"https:\/\/www.tls-geothermics.com\/fr\/wp-json\/wp\/v2\/pages\/13198","targetHints":{"allow":["GET"]}}],"collection":[{"href":"https:\/\/www.tls-geothermics.com\/fr\/wp-json\/wp\/v2\/pages"}],"about":[{"href":"https:\/\/www.tls-geothermics.com\/fr\/wp-json\/wp\/v2\/types\/page"}],"author":[{"embeddable":true,"href":"https:\/\/www.tls-geothermics.com\/fr\/wp-json\/wp\/v2\/users\/2"}],"replies":[{"embeddable":true,"href":"https:\/\/www.tls-geothermics.com\/fr\/wp-json\/wp\/v2\/comments?post=13198"}],"version-history":[{"count":1,"href":"https:\/\/www.tls-geothermics.com\/fr\/wp-json\/wp\/v2\/pages\/13198\/revisions"}],"predecessor-version":[{"id":13199,"href":"https:\/\/www.tls-geothermics.com\/fr\/wp-json\/wp\/v2\/pages\/13198\/revisions\/13199"}],"wp:attachment":[{"href":"https:\/\/www.tls-geothermics.com\/fr\/wp-json\/wp\/v2\/media?parent=13198"}],"curies":[{"name":"wp","href":"https:\/\/api.w.org\/{rel}","templated":true}]}}